{"id":5953,"date":"2021-01-15T10:19:46","date_gmt":"2021-01-15T09:19:46","guid":{"rendered":"https:\/\/sunshinesl.com\/flamingo-hills\/"},"modified":"2021-03-16T18:32:58","modified_gmt":"2021-03-16T17:32:58","slug":"flamingo-hills","status":"publish","type":"page","link":"https:\/\/sunshinesl.com\/no\/flamingo-hills\/","title":{"rendered":"Flamingo Hills"},"content":{"rendered":"<p>[vc_row][vc_column]\t\t<div class=\"homey-module module-title section-title-module text-center \">\r\n\t\t\t<h2 >Apartahotel Flamingo Hills Benitachell<\/h2>\r\n\r\n\t\t\t<p  class=\"sub-heading\"><\/p>\r\n\t\t<\/div>\r\n\t\t[\/vc_column][\/vc_row][vc_row][vc_column][vc_column_text]Flamingo Hills leilighetskompleks er omgitt av gamle ving\u00e5rder og gr\u00f8nne omr\u00e5der, og ligger i en privilegert enklave p\u00e5 Costa Blanca. Flamingo Hills-leilighetene ligger i Benitachell, mellom de vakre byene J\u00e1vea (X\u00e0bia) og Moraira. Dette omr\u00e5det med kalksteinsfjell har et vanlig varmt og behagelig klima n\u00e5r som helst p\u00e5 \u00e5ret. Flamingo Hills er ideell for en avslappende ferie. Syklister og turg\u00e5ere har et paradis n\u00e6r sj\u00f8en her.<\/p>\n<p>Hver leilighet har panoramautsikt over bassenget og Montg\u00f3-massivet. I n\u00e6rheten finner du et stort gastronomisk tilbud og fritidsaktiviteter som golfbaner, nautiske klubber og tur- og sykkelstier. Attraktive strender gj\u00f8r omr\u00e5det kjent, spesielt de bortgjemte vikene Moraig og Granadella.<\/p>\n<p>Flamingo Hills ligger i Benitachell, 1 km fra sentrum, 2 km fra supermarkedet og 3 km fra J\u00e1vea golfbane. I n\u00e6rheten av butikker og restauranter er innstillingen flott for familier.[\/vc_column_text][vc_btn title=&#8221;Reservere&#8221; color=&#8221;primary&#8221; align=&#8221;center&#8221; i_icon_fontawesome=&#8221;fas fa-certificate&#8221; css_animation=&#8221;fadeInDownBig&#8221; button_block=&#8221;true&#8221; add_icon=&#8221;true&#8221; link=&#8221;url:https%3A%2F%2Fwww.apartamentosflamingohills.com%2Fbookingstep1.es.html%3Fidtokenprovider%3D100376801%26lang%3Des%26nights%3D1%26checkin%3D15%252F03%252F2021%26step%3D1%26home%3Dhttps%253A%252F%252Fwww.apartamentosflamingohills.com%252F%23noAvailability|title:Apartahotel%20Flamingo%20Hills%20Benitachell|target:_blank&#8221;][vc_gallery type=&#8221;image_grid&#8221; images=&#8221;5643,5648,5653,5658,5663,5668,5673,5678,5683,5688,5693,5698,5703,5708,5713,5718,5723&#8243; onclick=&#8221;img_link_large&#8221; custom_links_target=&#8221;_blank&#8221; css_animation=&#8221;none&#8221;][\/vc_column][\/vc_row]<\/p>\n","protected":false},"excerpt":{"rendered":"<p>[vc_row][vc_column][\/vc_column][\/vc_row][vc_row][vc_column][vc_column_text]Flamingo Hills leilighetskompleks er omgitt av gamle ving\u00e5rder og gr\u00f8nne omr\u00e5der, og ligger i en privilegert enklave p\u00e5 Costa Blanca. Flamingo Hills-leilighetene ligger i Benitachell, mellom de vakre byene J\u00e1vea (X\u00e0bia) og Moraira. Dette omr\u00e5det med kalksteinsfjell har et vanlig varmt og behagelig klima n\u00e5r som helst p\u00e5 \u00e5ret. Flamingo Hills er ideell for en [&hellip;]<\/p>\n","protected":false},"author":1,"featured_media":0,"parent":0,"menu_order":0,"comment_status":"closed","ping_status":"closed","template":"","meta":{"footnotes":""},"class_list":["post-5953","page","type-page","status-publish","hentry"],"yoast_head":"<!-- This site is optimized with the Yoast SEO plugin v27.3 - https:\/\/yoast.com\/product\/yoast-seo-wordpress\/ -->\n<title>Apartamentos vacacionales en Benitachell - Flamingo Hills - Sunshine<\/title>\n<meta name=\"description\" content=\"Descubre los apartamentos vacacionales en Flamingo Hills. Pasa tus vacaciones tranquilas en Benitachell. \u00a1Disfruta con perfectas vistas panor\u00e1micas!\" \/>\n<meta name=\"robots\" content=\"index, follow, max-snippet:-1, max-image-preview:large, max-video-preview:-1\" \/>\n<link rel=\"canonical\" href=\"https:\/\/sunshinesl.com\/flamingo-hills\/\" \/>\n<meta property=\"og:locale\" content=\"nb_NO\" \/>\n<meta property=\"og:type\" content=\"article\" \/>\n<meta property=\"og:title\" content=\"Apartamentos vacacionales en Benitachell - Flamingo Hills - Sunshine\" \/>\n<meta property=\"og:description\" content=\"Descubre los apartamentos vacacionales en Flamingo Hills. Pasa tus vacaciones tranquilas en Benitachell. \u00a1Disfruta con perfectas vistas panor\u00e1micas!\" \/>\n<meta property=\"og:url\" content=\"https:\/\/sunshinesl.com\/flamingo-hills\/\" \/>\n<meta property=\"og:site_name\" content=\"Sunshine\" \/>\n<meta property=\"article:modified_time\" content=\"2021-03-16T17:32:58+00:00\" \/>\n<meta property=\"og:image\" content=\"https:\/\/sunshinesl.com\/wp-content\/uploads\/2021\/03\/w.png\" \/>\n\t<meta property=\"og:image:width\" content=\"224\" \/>\n\t<meta property=\"og:image:height\" content=\"91\" \/>\n\t<meta property=\"og:image:type\" content=\"image\/png\" \/>\n<meta name=\"twitter:card\" content=\"summary_large_image\" \/>\n<meta name=\"twitter:label1\" content=\"Ansl. lesetid\" \/>\n\t<meta name=\"twitter:data1\" content=\"1 minutt\" \/>\n<script type=\"application\/ld+json\" class=\"yoast-schema-graph\">{\"@context\":\"https:\\\/\\\/schema.org\",\"@graph\":[{\"@type\":\"WebPage\",\"@id\":\"https:\\\/\\\/sunshinesl.com\\\/flamingo-hills\\\/\",\"url\":\"https:\\\/\\\/sunshinesl.com\\\/flamingo-hills\\\/\",\"name\":\"Apartamentos vacacionales en Benitachell - Flamingo Hills - Sunshine\",\"isPartOf\":{\"@id\":\"https:\\\/\\\/sunshinesl.com\\\/#website\"},\"datePublished\":\"2021-01-15T09:19:46+00:00\",\"dateModified\":\"2021-03-16T17:32:58+00:00\",\"description\":\"Descubre los apartamentos vacacionales en Flamingo Hills. Pasa tus vacaciones tranquilas en Benitachell. \u00a1Disfruta con perfectas vistas panor\u00e1micas!\",\"breadcrumb\":{\"@id\":\"https:\\\/\\\/sunshinesl.com\\\/flamingo-hills\\\/#breadcrumb\"},\"inLanguage\":\"nb-NO\",\"potentialAction\":[{\"@type\":\"ReadAction\",\"target\":[\"https:\\\/\\\/sunshinesl.com\\\/flamingo-hills\\\/\"]}]},{\"@type\":\"BreadcrumbList\",\"@id\":\"https:\\\/\\\/sunshinesl.com\\\/flamingo-hills\\\/#breadcrumb\",\"itemListElement\":[{\"@type\":\"ListItem\",\"position\":1,\"name\":\"Portada\",\"item\":\"https:\\\/\\\/sunshinesl.com\\\/no\\\/\"},{\"@type\":\"ListItem\",\"position\":2,\"name\":\"Flamingo Hills\"}]},{\"@type\":\"WebSite\",\"@id\":\"https:\\\/\\\/sunshinesl.com\\\/#website\",\"url\":\"https:\\\/\\\/sunshinesl.com\\\/\",\"name\":\"Sunshine\",\"description\":\"Alquiler de viviendas vacacionales\",\"publisher\":{\"@id\":\"https:\\\/\\\/sunshinesl.com\\\/#organization\"},\"potentialAction\":[{\"@type\":\"SearchAction\",\"target\":{\"@type\":\"EntryPoint\",\"urlTemplate\":\"https:\\\/\\\/sunshinesl.com\\\/?s={search_term_string}\"},\"query-input\":{\"@type\":\"PropertyValueSpecification\",\"valueRequired\":true,\"valueName\":\"search_term_string\"}}],\"inLanguage\":\"nb-NO\"},{\"@type\":\"Organization\",\"@id\":\"https:\\\/\\\/sunshinesl.com\\\/#organization\",\"name\":\"SunshineSL\",\"url\":\"https:\\\/\\\/sunshinesl.com\\\/\",\"logo\":{\"@type\":\"ImageObject\",\"inLanguage\":\"nb-NO\",\"@id\":\"https:\\\/\\\/sunshinesl.com\\\/#\\\/schema\\\/logo\\\/image\\\/\",\"url\":\"https:\\\/\\\/sunshinesl.com\\\/wp-content\\\/uploads\\\/2021\\\/03\\\/w.png\",\"contentUrl\":\"https:\\\/\\\/sunshinesl.com\\\/wp-content\\\/uploads\\\/2021\\\/03\\\/w.png\",\"width\":224,\"height\":91,\"caption\":\"SunshineSL\"},\"image\":{\"@id\":\"https:\\\/\\\/sunshinesl.com\\\/#\\\/schema\\\/logo\\\/image\\\/\"}}]}<\/script>\n<!-- \/ Yoast SEO plugin. -->","yoast_head_json":{"title":"Apartamentos vacacionales en Benitachell - Flamingo Hills - Sunshine","description":"Descubre los apartamentos vacacionales en Flamingo Hills. Pasa tus vacaciones tranquilas en Benitachell. \u00a1Disfruta con perfectas vistas panor\u00e1micas!","robots":{"index":"index","follow":"follow","max-snippet":"max-snippet:-1","max-image-preview":"max-image-preview:large","max-video-preview":"max-video-preview:-1"},"canonical":"https:\/\/sunshinesl.com\/flamingo-hills\/","og_locale":"nb_NO","og_type":"article","og_title":"Apartamentos vacacionales en Benitachell - Flamingo Hills - Sunshine","og_description":"Descubre los apartamentos vacacionales en Flamingo Hills. Pasa tus vacaciones tranquilas en Benitachell. \u00a1Disfruta con perfectas vistas panor\u00e1micas!","og_url":"https:\/\/sunshinesl.com\/flamingo-hills\/","og_site_name":"Sunshine","article_modified_time":"2021-03-16T17:32:58+00:00","og_image":[{"width":224,"height":91,"url":"https:\/\/sunshinesl.com\/wp-content\/uploads\/2021\/03\/w.png","type":"image\/png"}],"twitter_card":"summary_large_image","twitter_misc":{"Ansl. lesetid":"1 minutt"},"schema":{"@context":"https:\/\/schema.org","@graph":[{"@type":"WebPage","@id":"https:\/\/sunshinesl.com\/flamingo-hills\/","url":"https:\/\/sunshinesl.com\/flamingo-hills\/","name":"Apartamentos vacacionales en Benitachell - Flamingo Hills - Sunshine","isPartOf":{"@id":"https:\/\/sunshinesl.com\/#website"},"datePublished":"2021-01-15T09:19:46+00:00","dateModified":"2021-03-16T17:32:58+00:00","description":"Descubre los apartamentos vacacionales en Flamingo Hills. Pasa tus vacaciones tranquilas en Benitachell. \u00a1Disfruta con perfectas vistas panor\u00e1micas!","breadcrumb":{"@id":"https:\/\/sunshinesl.com\/flamingo-hills\/#breadcrumb"},"inLanguage":"nb-NO","potentialAction":[{"@type":"ReadAction","target":["https:\/\/sunshinesl.com\/flamingo-hills\/"]}]},{"@type":"BreadcrumbList","@id":"https:\/\/sunshinesl.com\/flamingo-hills\/#breadcrumb","itemListElement":[{"@type":"ListItem","position":1,"name":"Portada","item":"https:\/\/sunshinesl.com\/no\/"},{"@type":"ListItem","position":2,"name":"Flamingo Hills"}]},{"@type":"WebSite","@id":"https:\/\/sunshinesl.com\/#website","url":"https:\/\/sunshinesl.com\/","name":"Sunshine","description":"Alquiler de viviendas vacacionales","publisher":{"@id":"https:\/\/sunshinesl.com\/#organization"},"potentialAction":[{"@type":"SearchAction","target":{"@type":"EntryPoint","urlTemplate":"https:\/\/sunshinesl.com\/?s={search_term_string}"},"query-input":{"@type":"PropertyValueSpecification","valueRequired":true,"valueName":"search_term_string"}}],"inLanguage":"nb-NO"},{"@type":"Organization","@id":"https:\/\/sunshinesl.com\/#organization","name":"SunshineSL","url":"https:\/\/sunshinesl.com\/","logo":{"@type":"ImageObject","inLanguage":"nb-NO","@id":"https:\/\/sunshinesl.com\/#\/schema\/logo\/image\/","url":"https:\/\/sunshinesl.com\/wp-content\/uploads\/2021\/03\/w.png","contentUrl":"https:\/\/sunshinesl.com\/wp-content\/uploads\/2021\/03\/w.png","width":224,"height":91,"caption":"SunshineSL"},"image":{"@id":"https:\/\/sunshinesl.com\/#\/schema\/logo\/image\/"}}]}},"_links":{"self":[{"href":"https:\/\/sunshinesl.com\/no\/wp-json\/wp\/v2\/pages\/5953","targetHints":{"allow":["GET"]}}],"collection":[{"href":"https:\/\/sunshinesl.com\/no\/wp-json\/wp\/v2\/pages"}],"about":[{"href":"https:\/\/sunshinesl.com\/no\/wp-json\/wp\/v2\/types\/page"}],"author":[{"embeddable":true,"href":"https:\/\/sunshinesl.com\/no\/wp-json\/wp\/v2\/users\/1"}],"replies":[{"embeddable":true,"href":"https:\/\/sunshinesl.com\/no\/wp-json\/wp\/v2\/comments?post=5953"}],"version-history":[{"count":15,"href":"https:\/\/sunshinesl.com\/no\/wp-json\/wp\/v2\/pages\/5953\/revisions"}],"predecessor-version":[{"id":7357,"href":"https:\/\/sunshinesl.com\/no\/wp-json\/wp\/v2\/pages\/5953\/revisions\/7357"}],"wp:attachment":[{"href":"https:\/\/sunshinesl.com\/no\/wp-json\/wp\/v2\/media?parent=5953"}],"curies":[{"name":"wp","href":"https:\/\/api.w.org\/{rel}","templated":true}]}}