{"id":4339,"date":"2018-10-25T15:26:09","date_gmt":"2018-10-25T13:26:09","guid":{"rendered":"https:\/\/sunshinesl.com\/quienes-somos\/"},"modified":"2021-02-11T11:51:49","modified_gmt":"2021-02-11T10:51:49","slug":"quienes-somos","status":"publish","type":"page","link":"https:\/\/sunshinesl.com\/no\/quienes-somos\/","title":{"rendered":"Quienes somos"},"content":{"rendered":"<p>[vc_section full_width=&#8221;stretch_row&#8221; content_placement=&#8221;bottom&#8221; css=&#8221;.vc_custom_1601911652841{padding-top: 100px !important;padding-bottom: 100px !important;background-image: url(https:\/\/sunshinesl.com\/wp-content\/uploads\/2020\/10\/beach-4848412_1920.jpg?id=2423) !important;background-position: center !important;background-repeat: no-repeat !important;background-size: cover !important;}&#8221; el_class=&#8221;inner_banner&#8221;][vc_row][vc_column]\t\t<div class=\"homey-module module-title section-title-module text-center \">\r\n\t\t\t<h2 >Om oss<\/h2>\r\n\r\n\t\t\t<p  class=\"sub-heading\"><\/p>\r\n\t\t<\/div>\r\n\t\t[\/vc_column][\/vc_row][\/vc_section][vc_row css=&#8221;.vc_custom_1601884251664{margin-top: 50px !important;margin-bottom: 30px !important;padding-right: 30px !important;padding-left: 30px !important;background-color: #ffffff !important;}&#8221; el_id=&#8221;about_content&#8221;][vc_column width=&#8221;1\/2&#8243;][vc_single_image image=&#8221;2391&#8243; img_size=&#8221;full&#8221;][\/vc_column][vc_column width=&#8221;1\/2&#8243;]\t\t<div class=\"homey-module module-title section-title-module text-left \">\r\n\t\t\t<h2 >Om oss<\/h2>\r\n\r\n\t\t\t<p  class=\"sub-heading\"><\/p>\r\n\t\t<\/div>\r\n\t\t[vc_column_text]<span style=\"font-weight: 400;\">Sunshine SL ferieutleiebyr\u00e5 har v\u00e6rt p\u00e5 Costa Blanca i mer enn 44 \u00e5r. Under tysk ledelse har det v\u00e6rt i verden med \u00e5 forvalte b\u00e5de hytter og ferieleiligheter i flere ti\u00e5r.<\/span><\/p>\n<p><span style=\"font-weight: 400;\">Sunshine-selskapet best\u00e5r av et h\u00f8yt kvalifisert, flerspr\u00e5klig team. Personalet v\u00e5rt vil tilfredsstille alle behovene n\u00e5r det gjelder \u00e5 administrere feriehuset og gj\u00f8re ferien til en usl\u00e5elig opplevelse. Enten du vil leie ferieboligen ved kysten eller om du vil nyte en god ferie, er Sunshine noe for deg!<\/b><\/p>\n<p><span style=\"font-weight: 400;\">Alle villaene vi tilbyr har sitt eget private basseng og sjarmen til middelhavsdesign. Hjemmene v\u00e5re ligger i kommunene Altea, Calpe, Alfaz del Pi, Albir, La Nucia og Villajoyosa. Vi pr\u00f8ver at v\u00e5re hytter og leiligheter ligger n\u00e6r stranden.<\/span><\/p>\n<p><span style=\"font-weight: 400;\">Vi vil at b\u00e5de v\u00e5re klienter og deres kj\u00e6ledyr skal ha glede av det, og det er derfor de f\u00e5r lov til i alle v\u00e5re feriehus. Hvis du har sp\u00f8rsm\u00e5l eller forslag, ikke n\u00f8l med \u00e5 kontakte oss. Vi vil gjerne hjelpe deg!<\/span>[\/vc_column_text][\/vc_column][\/vc_row]<\/p>\n","protected":false},"excerpt":{"rendered":"<p>[vc_section full_width=&#8221;stretch_row&#8221; content_placement=&#8221;bottom&#8221; css=&#8221;.vc_custom_1601911652841{padding-top: 100px !important;padding-bottom: 100px !important;background-image: url(https:\/\/sunshinesl.com\/wp-content\/uploads\/2020\/10\/beach-4848412_1920.jpg?id=2423) !important;background-position: center !important;background-repeat: no-repeat !important;background-size: cover !important;}&#8221; el_class=&#8221;inner_banner&#8221;][vc_row][vc_column][\/vc_column][\/vc_row][\/vc_section][vc_row css=&#8221;.vc_custom_1601884251664{margin-top: 50px !important;margin-bottom: 30px !important;padding-right: 30px !important;padding-left: 30px !important;background-color: #ffffff !important;}&#8221; el_id=&#8221;about_content&#8221;][vc_column width=&#8221;1\/2&#8243;][vc_single_image image=&#8221;2391&#8243; img_size=&#8221;full&#8221;][\/vc_column][vc_column width=&#8221;1\/2&#8243;][vc_column_text]Sunshine SL ferieutleiebyr\u00e5 har v\u00e6rt p\u00e5 Costa Blanca i mer enn 44 \u00e5r. Under tysk ledelse har det v\u00e6rt i verden med \u00e5 [&hellip;]<\/p>\n","protected":false},"author":1,"featured_media":0,"parent":0,"menu_order":0,"comment_status":"closed","ping_status":"closed","template":"template\/template-homepage.php","meta":{"footnotes":""},"class_list":["post-4339","page","type-page","status-publish","hentry"],"yoast_head":"<!-- This site is optimized with the Yoast SEO plugin v27.3 - https:\/\/yoast.com\/product\/yoast-seo-wordpress\/ -->\n<title>Quienes somos - Sunshine<\/title>\n<meta name=\"robots\" content=\"index, follow, max-snippet:-1, max-image-preview:large, max-video-preview:-1\" \/>\n<link rel=\"canonical\" href=\"https:\/\/sunshinesl.com\/quienes-somos\/\" \/>\n<meta property=\"og:locale\" content=\"nb_NO\" \/>\n<meta property=\"og:type\" content=\"article\" \/>\n<meta property=\"og:title\" content=\"Quienes somos - Sunshine\" \/>\n<meta property=\"og:description\" content=\"[vc_section full_width=&#8221;stretch_row&#8221; content_placement=&#8221;bottom&#8221; css=&#8221;.vc_custom_1601911652841{padding-top: 100px !important;padding-bottom: 100px !important;background-image: url(https:\/\/sunshinesl.com\/wp-content\/uploads\/2020\/10\/beach-4848412_1920.jpg?id=2423) !important;background-position: center !important;background-repeat: no-repeat !important;background-size: cover !important;}&#8221; el_class=&#8221;inner_banner&#8221;][vc_row][vc_column][\/vc_column][\/vc_row][\/vc_section][vc_row css=&#8221;.vc_custom_1601884251664{margin-top: 50px !important;margin-bottom: 30px !important;padding-right: 30px !important;padding-left: 30px !important;background-color: #ffffff !important;}&#8221; el_id=&#8221;about_content&#8221;][vc_column width=&#8221;1\/2&#8243;][vc_single_image image=&#8221;2391&#8243; img_size=&#8221;full&#8221;][\/vc_column][vc_column width=&#8221;1\/2&#8243;][vc_column_text]Sunshine SL ferieutleiebyr\u00e5 har v\u00e6rt p\u00e5 Costa Blanca i mer enn 44 \u00e5r. Under tysk ledelse har det v\u00e6rt i verden med \u00e5 [&hellip;]\" \/>\n<meta property=\"og:url\" content=\"https:\/\/sunshinesl.com\/quienes-somos\/\" \/>\n<meta property=\"og:site_name\" content=\"Sunshine\" \/>\n<meta property=\"article:modified_time\" content=\"2021-02-11T10:51:49+00:00\" \/>\n<meta property=\"og:image\" content=\"https:\/\/sunshinesl.com\/wp-content\/uploads\/2021\/03\/w.png\" \/>\n\t<meta property=\"og:image:width\" content=\"224\" \/>\n\t<meta property=\"og:image:height\" content=\"91\" \/>\n\t<meta property=\"og:image:type\" content=\"image\/png\" \/>\n<meta name=\"twitter:card\" content=\"summary_large_image\" \/>\n<meta name=\"twitter:label1\" content=\"Ansl. lesetid\" \/>\n\t<meta name=\"twitter:data1\" content=\"2 minutter\" \/>\n<script type=\"application\/ld+json\" class=\"yoast-schema-graph\">{\"@context\":\"https:\\\/\\\/schema.org\",\"@graph\":[{\"@type\":\"WebPage\",\"@id\":\"https:\\\/\\\/sunshinesl.com\\\/quienes-somos\\\/\",\"url\":\"https:\\\/\\\/sunshinesl.com\\\/quienes-somos\\\/\",\"name\":\"Quienes somos - Sunshine\",\"isPartOf\":{\"@id\":\"https:\\\/\\\/sunshinesl.com\\\/#website\"},\"datePublished\":\"2018-10-25T13:26:09+00:00\",\"dateModified\":\"2021-02-11T10:51:49+00:00\",\"breadcrumb\":{\"@id\":\"https:\\\/\\\/sunshinesl.com\\\/quienes-somos\\\/#breadcrumb\"},\"inLanguage\":\"nb-NO\",\"potentialAction\":[{\"@type\":\"ReadAction\",\"target\":[\"https:\\\/\\\/sunshinesl.com\\\/quienes-somos\\\/\"]}]},{\"@type\":\"BreadcrumbList\",\"@id\":\"https:\\\/\\\/sunshinesl.com\\\/quienes-somos\\\/#breadcrumb\",\"itemListElement\":[{\"@type\":\"ListItem\",\"position\":1,\"name\":\"Portada\",\"item\":\"https:\\\/\\\/sunshinesl.com\\\/no\\\/\"},{\"@type\":\"ListItem\",\"position\":2,\"name\":\"Quienes somos\"}]},{\"@type\":\"WebSite\",\"@id\":\"https:\\\/\\\/sunshinesl.com\\\/#website\",\"url\":\"https:\\\/\\\/sunshinesl.com\\\/\",\"name\":\"Sunshine\",\"description\":\"Alquiler de viviendas vacacionales\",\"publisher\":{\"@id\":\"https:\\\/\\\/sunshinesl.com\\\/#organization\"},\"potentialAction\":[{\"@type\":\"SearchAction\",\"target\":{\"@type\":\"EntryPoint\",\"urlTemplate\":\"https:\\\/\\\/sunshinesl.com\\\/?s={search_term_string}\"},\"query-input\":{\"@type\":\"PropertyValueSpecification\",\"valueRequired\":true,\"valueName\":\"search_term_string\"}}],\"inLanguage\":\"nb-NO\"},{\"@type\":\"Organization\",\"@id\":\"https:\\\/\\\/sunshinesl.com\\\/#organization\",\"name\":\"SunshineSL\",\"url\":\"https:\\\/\\\/sunshinesl.com\\\/\",\"logo\":{\"@type\":\"ImageObject\",\"inLanguage\":\"nb-NO\",\"@id\":\"https:\\\/\\\/sunshinesl.com\\\/#\\\/schema\\\/logo\\\/image\\\/\",\"url\":\"https:\\\/\\\/sunshinesl.com\\\/wp-content\\\/uploads\\\/2021\\\/03\\\/w.png\",\"contentUrl\":\"https:\\\/\\\/sunshinesl.com\\\/wp-content\\\/uploads\\\/2021\\\/03\\\/w.png\",\"width\":224,\"height\":91,\"caption\":\"SunshineSL\"},\"image\":{\"@id\":\"https:\\\/\\\/sunshinesl.com\\\/#\\\/schema\\\/logo\\\/image\\\/\"}}]}<\/script>\n<!-- \/ Yoast SEO plugin. -->","yoast_head_json":{"title":"Quienes somos - Sunshine","robots":{"index":"index","follow":"follow","max-snippet":"max-snippet:-1","max-image-preview":"max-image-preview:large","max-video-preview":"max-video-preview:-1"},"canonical":"https:\/\/sunshinesl.com\/quienes-somos\/","og_locale":"nb_NO","og_type":"article","og_title":"Quienes somos - Sunshine","og_description":"[vc_section full_width=&#8221;stretch_row&#8221; content_placement=&#8221;bottom&#8221; css=&#8221;.vc_custom_1601911652841{padding-top: 100px !important;padding-bottom: 100px !important;background-image: url(https:\/\/sunshinesl.com\/wp-content\/uploads\/2020\/10\/beach-4848412_1920.jpg?id=2423) !important;background-position: center !important;background-repeat: no-repeat !important;background-size: cover !important;}&#8221; el_class=&#8221;inner_banner&#8221;][vc_row][vc_column][\/vc_column][\/vc_row][\/vc_section][vc_row css=&#8221;.vc_custom_1601884251664{margin-top: 50px !important;margin-bottom: 30px !important;padding-right: 30px !important;padding-left: 30px !important;background-color: #ffffff !important;}&#8221; el_id=&#8221;about_content&#8221;][vc_column width=&#8221;1\/2&#8243;][vc_single_image image=&#8221;2391&#8243; img_size=&#8221;full&#8221;][\/vc_column][vc_column width=&#8221;1\/2&#8243;][vc_column_text]Sunshine SL ferieutleiebyr\u00e5 har v\u00e6rt p\u00e5 Costa Blanca i mer enn 44 \u00e5r. Under tysk ledelse har det v\u00e6rt i verden med \u00e5 [&hellip;]","og_url":"https:\/\/sunshinesl.com\/quienes-somos\/","og_site_name":"Sunshine","article_modified_time":"2021-02-11T10:51:49+00:00","og_image":[{"width":224,"height":91,"url":"https:\/\/sunshinesl.com\/wp-content\/uploads\/2021\/03\/w.png","type":"image\/png"}],"twitter_card":"summary_large_image","twitter_misc":{"Ansl. lesetid":"2 minutter"},"schema":{"@context":"https:\/\/schema.org","@graph":[{"@type":"WebPage","@id":"https:\/\/sunshinesl.com\/quienes-somos\/","url":"https:\/\/sunshinesl.com\/quienes-somos\/","name":"Quienes somos - Sunshine","isPartOf":{"@id":"https:\/\/sunshinesl.com\/#website"},"datePublished":"2018-10-25T13:26:09+00:00","dateModified":"2021-02-11T10:51:49+00:00","breadcrumb":{"@id":"https:\/\/sunshinesl.com\/quienes-somos\/#breadcrumb"},"inLanguage":"nb-NO","potentialAction":[{"@type":"ReadAction","target":["https:\/\/sunshinesl.com\/quienes-somos\/"]}]},{"@type":"BreadcrumbList","@id":"https:\/\/sunshinesl.com\/quienes-somos\/#breadcrumb","itemListElement":[{"@type":"ListItem","position":1,"name":"Portada","item":"https:\/\/sunshinesl.com\/no\/"},{"@type":"ListItem","position":2,"name":"Quienes somos"}]},{"@type":"WebSite","@id":"https:\/\/sunshinesl.com\/#website","url":"https:\/\/sunshinesl.com\/","name":"Sunshine","description":"Alquiler de viviendas vacacionales","publisher":{"@id":"https:\/\/sunshinesl.com\/#organization"},"potentialAction":[{"@type":"SearchAction","target":{"@type":"EntryPoint","urlTemplate":"https:\/\/sunshinesl.com\/?s={search_term_string}"},"query-input":{"@type":"PropertyValueSpecification","valueRequired":true,"valueName":"search_term_string"}}],"inLanguage":"nb-NO"},{"@type":"Organization","@id":"https:\/\/sunshinesl.com\/#organization","name":"SunshineSL","url":"https:\/\/sunshinesl.com\/","logo":{"@type":"ImageObject","inLanguage":"nb-NO","@id":"https:\/\/sunshinesl.com\/#\/schema\/logo\/image\/","url":"https:\/\/sunshinesl.com\/wp-content\/uploads\/2021\/03\/w.png","contentUrl":"https:\/\/sunshinesl.com\/wp-content\/uploads\/2021\/03\/w.png","width":224,"height":91,"caption":"SunshineSL"},"image":{"@id":"https:\/\/sunshinesl.com\/#\/schema\/logo\/image\/"}}]}},"_links":{"self":[{"href":"https:\/\/sunshinesl.com\/no\/wp-json\/wp\/v2\/pages\/4339","targetHints":{"allow":["GET"]}}],"collection":[{"href":"https:\/\/sunshinesl.com\/no\/wp-json\/wp\/v2\/pages"}],"about":[{"href":"https:\/\/sunshinesl.com\/no\/wp-json\/wp\/v2\/types\/page"}],"author":[{"embeddable":true,"href":"https:\/\/sunshinesl.com\/no\/wp-json\/wp\/v2\/users\/1"}],"replies":[{"embeddable":true,"href":"https:\/\/sunshinesl.com\/no\/wp-json\/wp\/v2\/comments?post=4339"}],"version-history":[{"count":6,"href":"https:\/\/sunshinesl.com\/no\/wp-json\/wp\/v2\/pages\/4339\/revisions"}],"predecessor-version":[{"id":6095,"href":"https:\/\/sunshinesl.com\/no\/wp-json\/wp\/v2\/pages\/4339\/revisions\/6095"}],"wp:attachment":[{"href":"https:\/\/sunshinesl.com\/no\/wp-json\/wp\/v2\/media?parent=4339"}],"curies":[{"name":"wp","href":"https:\/\/api.w.org\/{rel}","templated":true}]}}