{"id":5949,"date":"2021-01-15T10:19:46","date_gmt":"2021-01-15T09:19:46","guid":{"rendered":"https:\/\/sunshinesl.com\/flamingo-hills\/"},"modified":"2021-03-16T18:31:37","modified_gmt":"2021-03-16T17:31:37","slug":"flamingo-hills","status":"publish","type":"page","link":"https:\/\/sunshinesl.com\/fr\/flamingo-hills\/","title":{"rendered":"Flamingo Hills"},"content":{"rendered":"<p>[vc_row][vc_column]\t\t<div class=\"homey-module module-title section-title-module text-center \">\r\n\t\t\t<h2 >Apartahotel Flamingo Hills Benitachell<\/h2>\r\n\r\n\t\t\t<p  class=\"sub-heading\"><\/p>\r\n\t\t<\/div>\r\n\t\t[\/vc_column][\/vc_row][vc_row][vc_column][vc_column_text]Entour\u00e9 de vieux vignobles et d&#8217;espaces verts, le complexe d&#8217;appartements Flamingo Hills est situ\u00e9 dans une enclave privil\u00e9gi\u00e9e sur la Costa Blanca. Les appartements Flamingo Hills se trouvent \u00e0 Benitachell, entre les belles villes de J\u00e1vea (X\u00e0bia) et Moraira. Cette zone de montagnes calcaires b\u00e9n\u00e9ficie d&#8217;un climat habituel chaud et agr\u00e9able \u00e0 tout moment de l&#8217;ann\u00e9e. Flamingo Hills est id\u00e9al pour des vacances reposantes. Les cyclistes et les randonneurs ont ici un paradis pr\u00e8s de la mer.<\/p>\n<p>Chaque appartement offre une vue panoramique sur la piscine et le massif du Montg\u00f3. \u00c0 proximit\u00e9, vous trouverez une grande offre gastronomique et des activit\u00e9s de loisirs telles que des terrains de golf, des clubs nautiques et des itin\u00e9raires de randonn\u00e9e et de cyclisme. Des plages attrayantes rendent la r\u00e9gion c\u00e9l\u00e8bre, en particulier les criques isol\u00e9es de Moraig et Granadella.<\/p>\n<p>Le Flamingo Hills est situ\u00e9 \u00e0 Benitachell, \u00e0 1 km du centre-ville, \u00e0 2 km du supermarch\u00e9 et \u00e0 3 km du parcours de golf de J\u00e1vea. A proximit\u00e9 des commerces et des restaurants, le cadre est id\u00e9al pour les familles.[\/vc_column_text][vc_btn title=&#8221;Reservar&#8221; color=&#8221;primary&#8221; align=&#8221;center&#8221; i_icon_fontawesome=&#8221;fas fa-certificate&#8221; css_animation=&#8221;fadeInDownBig&#8221; button_block=&#8221;true&#8221; add_icon=&#8221;true&#8221; link=&#8221;url:https%3A%2F%2Fwww.apartamentosflamingohills.com%2Fbookingstep1.es.html%3Fidtokenprovider%3D100376801%26lang%3Des%26nights%3D1%26checkin%3D15%252F03%252F2021%26step%3D1%26home%3Dhttps%253A%252F%252Fwww.apartamentosflamingohills.com%252F%23noAvailability|title:Apartahotel%20Flamingo%20Hills%20Benitachell|target:_blank&#8221;][vc_gallery type=&#8221;image_grid&#8221; images=&#8221;5641,5646,5651,5656,5661,5666,5671,5676,5681,5686,5691,5696,5701,5706,5711,5716,5721&#8243; onclick=&#8221;img_link_large&#8221; custom_links_target=&#8221;_blank&#8221; css_animation=&#8221;none&#8221;][\/vc_column][\/vc_row]<\/p>\n","protected":false},"excerpt":{"rendered":"<p>[vc_row][vc_column][\/vc_column][\/vc_row][vc_row][vc_column][vc_column_text]Entour\u00e9 de vieux vignobles et d&#8217;espaces verts, le complexe d&#8217;appartements Flamingo Hills est situ\u00e9 dans une enclave privil\u00e9gi\u00e9e sur la Costa Blanca. Les appartements Flamingo Hills se trouvent \u00e0 Benitachell, entre les belles villes de J\u00e1vea (X\u00e0bia) et Moraira. Cette zone de montagnes calcaires b\u00e9n\u00e9ficie d&#8217;un climat habituel chaud et agr\u00e9able \u00e0 tout moment de [&hellip;]<\/p>\n","protected":false},"author":1,"featured_media":0,"parent":0,"menu_order":0,"comment_status":"closed","ping_status":"closed","template":"","meta":{"footnotes":""},"class_list":["post-5949","page","type-page","status-publish","hentry"],"yoast_head":"<!-- This site is optimized with the Yoast SEO plugin v27.3 - https:\/\/yoast.com\/product\/yoast-seo-wordpress\/ -->\n<title>Apartamentos vacacionales en Benitachell - Flamingo Hills - Sunshine<\/title>\n<meta name=\"description\" content=\"Descubre los apartamentos vacacionales en Flamingo Hills. Pasa tus vacaciones tranquilas en Benitachell. \u00a1Disfruta con perfectas vistas panor\u00e1micas!\" \/>\n<meta name=\"robots\" content=\"index, follow, max-snippet:-1, max-image-preview:large, max-video-preview:-1\" \/>\n<link rel=\"canonical\" href=\"https:\/\/sunshinesl.com\/flamingo-hills\/\" \/>\n<meta property=\"og:locale\" content=\"fr_FR\" \/>\n<meta property=\"og:type\" content=\"article\" \/>\n<meta property=\"og:title\" content=\"Apartamentos vacacionales en Benitachell - Flamingo Hills - Sunshine\" \/>\n<meta property=\"og:description\" content=\"Descubre los apartamentos vacacionales en Flamingo Hills. Pasa tus vacaciones tranquilas en Benitachell. \u00a1Disfruta con perfectas vistas panor\u00e1micas!\" \/>\n<meta property=\"og:url\" content=\"https:\/\/sunshinesl.com\/flamingo-hills\/\" \/>\n<meta property=\"og:site_name\" content=\"Sunshine\" \/>\n<meta property=\"article:modified_time\" content=\"2021-03-16T17:31:37+00:00\" \/>\n<meta property=\"og:image\" content=\"https:\/\/sunshinesl.com\/wp-content\/uploads\/2021\/03\/w.png\" \/>\n\t<meta property=\"og:image:width\" content=\"224\" \/>\n\t<meta property=\"og:image:height\" content=\"91\" \/>\n\t<meta property=\"og:image:type\" content=\"image\/png\" \/>\n<meta name=\"twitter:card\" content=\"summary_large_image\" \/>\n<meta name=\"twitter:label1\" content=\"Dur\u00e9e de lecture estim\u00e9e\" \/>\n\t<meta name=\"twitter:data1\" content=\"1 minute\" \/>\n<script type=\"application\/ld+json\" class=\"yoast-schema-graph\">{\"@context\":\"https:\\\/\\\/schema.org\",\"@graph\":[{\"@type\":\"WebPage\",\"@id\":\"https:\\\/\\\/sunshinesl.com\\\/flamingo-hills\\\/\",\"url\":\"https:\\\/\\\/sunshinesl.com\\\/flamingo-hills\\\/\",\"name\":\"Apartamentos vacacionales en Benitachell - Flamingo Hills - Sunshine\",\"isPartOf\":{\"@id\":\"https:\\\/\\\/sunshinesl.com\\\/#website\"},\"datePublished\":\"2021-01-15T09:19:46+00:00\",\"dateModified\":\"2021-03-16T17:31:37+00:00\",\"description\":\"Descubre los apartamentos vacacionales en Flamingo Hills. Pasa tus vacaciones tranquilas en Benitachell. \u00a1Disfruta con perfectas vistas panor\u00e1micas!\",\"breadcrumb\":{\"@id\":\"https:\\\/\\\/sunshinesl.com\\\/flamingo-hills\\\/#breadcrumb\"},\"inLanguage\":\"fr-FR\",\"potentialAction\":[{\"@type\":\"ReadAction\",\"target\":[\"https:\\\/\\\/sunshinesl.com\\\/flamingo-hills\\\/\"]}]},{\"@type\":\"BreadcrumbList\",\"@id\":\"https:\\\/\\\/sunshinesl.com\\\/flamingo-hills\\\/#breadcrumb\",\"itemListElement\":[{\"@type\":\"ListItem\",\"position\":1,\"name\":\"Portada\",\"item\":\"https:\\\/\\\/sunshinesl.com\\\/fr\\\/\"},{\"@type\":\"ListItem\",\"position\":2,\"name\":\"Flamingo Hills\"}]},{\"@type\":\"WebSite\",\"@id\":\"https:\\\/\\\/sunshinesl.com\\\/#website\",\"url\":\"https:\\\/\\\/sunshinesl.com\\\/\",\"name\":\"Sunshine\",\"description\":\"Alquiler de viviendas vacacionales\",\"publisher\":{\"@id\":\"https:\\\/\\\/sunshinesl.com\\\/#organization\"},\"potentialAction\":[{\"@type\":\"SearchAction\",\"target\":{\"@type\":\"EntryPoint\",\"urlTemplate\":\"https:\\\/\\\/sunshinesl.com\\\/?s={search_term_string}\"},\"query-input\":{\"@type\":\"PropertyValueSpecification\",\"valueRequired\":true,\"valueName\":\"search_term_string\"}}],\"inLanguage\":\"fr-FR\"},{\"@type\":\"Organization\",\"@id\":\"https:\\\/\\\/sunshinesl.com\\\/#organization\",\"name\":\"SunshineSL\",\"url\":\"https:\\\/\\\/sunshinesl.com\\\/\",\"logo\":{\"@type\":\"ImageObject\",\"inLanguage\":\"fr-FR\",\"@id\":\"https:\\\/\\\/sunshinesl.com\\\/#\\\/schema\\\/logo\\\/image\\\/\",\"url\":\"https:\\\/\\\/sunshinesl.com\\\/wp-content\\\/uploads\\\/2021\\\/03\\\/w.png\",\"contentUrl\":\"https:\\\/\\\/sunshinesl.com\\\/wp-content\\\/uploads\\\/2021\\\/03\\\/w.png\",\"width\":224,\"height\":91,\"caption\":\"SunshineSL\"},\"image\":{\"@id\":\"https:\\\/\\\/sunshinesl.com\\\/#\\\/schema\\\/logo\\\/image\\\/\"}}]}<\/script>\n<!-- \/ Yoast SEO plugin. -->","yoast_head_json":{"title":"Apartamentos vacacionales en Benitachell - Flamingo Hills - Sunshine","description":"Descubre los apartamentos vacacionales en Flamingo Hills. Pasa tus vacaciones tranquilas en Benitachell. \u00a1Disfruta con perfectas vistas panor\u00e1micas!","robots":{"index":"index","follow":"follow","max-snippet":"max-snippet:-1","max-image-preview":"max-image-preview:large","max-video-preview":"max-video-preview:-1"},"canonical":"https:\/\/sunshinesl.com\/flamingo-hills\/","og_locale":"fr_FR","og_type":"article","og_title":"Apartamentos vacacionales en Benitachell - Flamingo Hills - Sunshine","og_description":"Descubre los apartamentos vacacionales en Flamingo Hills. Pasa tus vacaciones tranquilas en Benitachell. \u00a1Disfruta con perfectas vistas panor\u00e1micas!","og_url":"https:\/\/sunshinesl.com\/flamingo-hills\/","og_site_name":"Sunshine","article_modified_time":"2021-03-16T17:31:37+00:00","og_image":[{"width":224,"height":91,"url":"https:\/\/sunshinesl.com\/wp-content\/uploads\/2021\/03\/w.png","type":"image\/png"}],"twitter_card":"summary_large_image","twitter_misc":{"Dur\u00e9e de lecture estim\u00e9e":"1 minute"},"schema":{"@context":"https:\/\/schema.org","@graph":[{"@type":"WebPage","@id":"https:\/\/sunshinesl.com\/flamingo-hills\/","url":"https:\/\/sunshinesl.com\/flamingo-hills\/","name":"Apartamentos vacacionales en Benitachell - Flamingo Hills - Sunshine","isPartOf":{"@id":"https:\/\/sunshinesl.com\/#website"},"datePublished":"2021-01-15T09:19:46+00:00","dateModified":"2021-03-16T17:31:37+00:00","description":"Descubre los apartamentos vacacionales en Flamingo Hills. Pasa tus vacaciones tranquilas en Benitachell. \u00a1Disfruta con perfectas vistas panor\u00e1micas!","breadcrumb":{"@id":"https:\/\/sunshinesl.com\/flamingo-hills\/#breadcrumb"},"inLanguage":"fr-FR","potentialAction":[{"@type":"ReadAction","target":["https:\/\/sunshinesl.com\/flamingo-hills\/"]}]},{"@type":"BreadcrumbList","@id":"https:\/\/sunshinesl.com\/flamingo-hills\/#breadcrumb","itemListElement":[{"@type":"ListItem","position":1,"name":"Portada","item":"https:\/\/sunshinesl.com\/fr\/"},{"@type":"ListItem","position":2,"name":"Flamingo Hills"}]},{"@type":"WebSite","@id":"https:\/\/sunshinesl.com\/#website","url":"https:\/\/sunshinesl.com\/","name":"Sunshine","description":"Alquiler de viviendas vacacionales","publisher":{"@id":"https:\/\/sunshinesl.com\/#organization"},"potentialAction":[{"@type":"SearchAction","target":{"@type":"EntryPoint","urlTemplate":"https:\/\/sunshinesl.com\/?s={search_term_string}"},"query-input":{"@type":"PropertyValueSpecification","valueRequired":true,"valueName":"search_term_string"}}],"inLanguage":"fr-FR"},{"@type":"Organization","@id":"https:\/\/sunshinesl.com\/#organization","name":"SunshineSL","url":"https:\/\/sunshinesl.com\/","logo":{"@type":"ImageObject","inLanguage":"fr-FR","@id":"https:\/\/sunshinesl.com\/#\/schema\/logo\/image\/","url":"https:\/\/sunshinesl.com\/wp-content\/uploads\/2021\/03\/w.png","contentUrl":"https:\/\/sunshinesl.com\/wp-content\/uploads\/2021\/03\/w.png","width":224,"height":91,"caption":"SunshineSL"},"image":{"@id":"https:\/\/sunshinesl.com\/#\/schema\/logo\/image\/"}}]}},"_links":{"self":[{"href":"https:\/\/sunshinesl.com\/fr\/wp-json\/wp\/v2\/pages\/5949","targetHints":{"allow":["GET"]}}],"collection":[{"href":"https:\/\/sunshinesl.com\/fr\/wp-json\/wp\/v2\/pages"}],"about":[{"href":"https:\/\/sunshinesl.com\/fr\/wp-json\/wp\/v2\/types\/page"}],"author":[{"embeddable":true,"href":"https:\/\/sunshinesl.com\/fr\/wp-json\/wp\/v2\/users\/1"}],"replies":[{"embeddable":true,"href":"https:\/\/sunshinesl.com\/fr\/wp-json\/wp\/v2\/comments?post=5949"}],"version-history":[{"count":16,"href":"https:\/\/sunshinesl.com\/fr\/wp-json\/wp\/v2\/pages\/5949\/revisions"}],"predecessor-version":[{"id":7355,"href":"https:\/\/sunshinesl.com\/fr\/wp-json\/wp\/v2\/pages\/5949\/revisions\/7355"}],"wp:attachment":[{"href":"https:\/\/sunshinesl.com\/fr\/wp-json\/wp\/v2\/media?parent=5949"}],"curies":[{"name":"wp","href":"https:\/\/api.w.org\/{rel}","templated":true}]}}