{"id":4337,"date":"2018-10-25T15:26:09","date_gmt":"2018-10-25T13:26:09","guid":{"rendered":"https:\/\/sunshinesl.com\/quienes-somos\/"},"modified":"2021-02-11T11:49:05","modified_gmt":"2021-02-11T10:49:05","slug":"quienes-somos","status":"publish","type":"page","link":"https:\/\/sunshinesl.com\/fr\/quienes-somos\/","title":{"rendered":"Quienes somos"},"content":{"rendered":"<p>[vc_section full_width=&#8221;stretch_row&#8221; content_placement=&#8221;bottom&#8221; css=&#8221;.vc_custom_1601911652841{padding-top: 100px !important;padding-bottom: 100px !important;background-image: url(https:\/\/sunshinesl.com\/wp-content\/uploads\/2020\/10\/beach-4848412_1920.jpg?id=2423) !important;background-position: center !important;background-repeat: no-repeat !important;background-size: cover !important;}&#8221; el_class=&#8221;inner_banner&#8221;][vc_row][vc_column]\t\t<div class=\"homey-module module-title section-title-module text-center \">\r\n\t\t\t<h2 >Qui sommes nous<\/h2>\r\n\r\n\t\t\t<p  class=\"sub-heading\"><\/p>\r\n\t\t<\/div>\r\n\t\t[\/vc_column][\/vc_row][\/vc_section][vc_row css=&#8221;.vc_custom_1601884251664{margin-top: 50px !important;margin-bottom: 30px !important;padding-right: 30px !important;padding-left: 30px !important;background-color: #ffffff !important;}&#8221; el_id=&#8221;about_content&#8221;][vc_column width=&#8221;1\/2&#8243;][vc_single_image image=&#8221;2391&#8243; img_size=&#8221;full&#8221;][\/vc_column][vc_column width=&#8221;1\/2&#8243;]\t\t<div class=\"homey-module module-title section-title-module text-left \">\r\n\t\t\t<h2 >\u00c0 propos de nous<\/h2>\r\n\r\n\t\t\t<p  class=\"sub-heading\"><\/p>\r\n\t\t<\/div>\r\n\t\t[vc_column_text]<span style=\"font-weight: 400;\">L&#8217;agence de location de vacances Sunshine SL est pr\u00e9sente sur la Costa Blanca depuis plus de 44 ans. Sous direction allemande, il est dans le monde de la gestion de chalets et d&#8217;appartements de vacances depuis plusieurs d\u00e9cennies.<\/span><\/p>\n<p><span style=\"font-weight: 400;\">La soci\u00e9t\u00e9 Sunshine est constitu\u00e9e d&#8217;une \u00e9quipe multilingue hautement qualifi\u00e9e. Notre personnel r\u00e9pondra \u00e0 tous les besoins en mati\u00e8re de gestion de la maison de vacances et de faire de vos vacances une exp\u00e9rience imbattable. Que vous souhaitiez louer la r\u00e9sidence de vacances sur la c\u00f4te ou que vous souhaitiez passer de bonnes vacances, Sunshine est fait pour vous!<br \/>\n<\/span><\/p>\n<p><span style=\"font-weight: 400;\">Toutes les villas que nous proposons ont leur propre piscine priv\u00e9e et le charme du design m\u00e9diterran\u00e9en. Nos maisons sont situ\u00e9es dans les municipalit\u00e9s d&#8217;Altea, Calpe, Alfaz del Pi, Albir, La Nucia et Villajoyosa. Nous essayons que nos chalets et appartements soient proches de la plage.<\/span><\/p>\n<p><span style=\"font-weight: 400;\">Nous voulons que nos clients et leurs animaux de compagnie en profitent, c&#8217;est pourquoi ils sont autoris\u00e9s dans toutes nos maisons de vacances. Si vous avez des questions ou des suggestions, n&#8217;h\u00e9sitez pas \u00e0 nous contacter, nous serons ravis de vous aider!<\/span>[\/vc_column_text][\/vc_column][\/vc_row]<\/p>\n","protected":false},"excerpt":{"rendered":"<p>[vc_section full_width=&#8221;stretch_row&#8221; content_placement=&#8221;bottom&#8221; css=&#8221;.vc_custom_1601911652841{padding-top: 100px !important;padding-bottom: 100px !important;background-image: url(https:\/\/sunshinesl.com\/wp-content\/uploads\/2020\/10\/beach-4848412_1920.jpg?id=2423) !important;background-position: center !important;background-repeat: no-repeat !important;background-size: cover !important;}&#8221; el_class=&#8221;inner_banner&#8221;][vc_row][vc_column][\/vc_column][\/vc_row][\/vc_section][vc_row css=&#8221;.vc_custom_1601884251664{margin-top: 50px !important;margin-bottom: 30px !important;padding-right: 30px !important;padding-left: 30px !important;background-color: #ffffff !important;}&#8221; el_id=&#8221;about_content&#8221;][vc_column width=&#8221;1\/2&#8243;][vc_single_image image=&#8221;2391&#8243; img_size=&#8221;full&#8221;][\/vc_column][vc_column width=&#8221;1\/2&#8243;][vc_column_text]L&#8217;agence de location de vacances Sunshine SL est pr\u00e9sente sur la Costa Blanca depuis plus de 44 ans. Sous direction allemande, il est [&hellip;]<\/p>\n","protected":false},"author":1,"featured_media":0,"parent":0,"menu_order":0,"comment_status":"closed","ping_status":"closed","template":"template\/template-homepage.php","meta":{"footnotes":""},"class_list":["post-4337","page","type-page","status-publish","hentry"],"yoast_head":"<!-- This site is optimized with the Yoast SEO plugin v27.3 - https:\/\/yoast.com\/product\/yoast-seo-wordpress\/ -->\n<title>Quienes somos - Sunshine<\/title>\n<meta name=\"robots\" content=\"index, follow, max-snippet:-1, max-image-preview:large, max-video-preview:-1\" \/>\n<link rel=\"canonical\" href=\"https:\/\/sunshinesl.com\/quienes-somos\/\" \/>\n<meta property=\"og:locale\" content=\"fr_FR\" \/>\n<meta property=\"og:type\" content=\"article\" \/>\n<meta property=\"og:title\" content=\"Quienes somos - Sunshine\" \/>\n<meta property=\"og:description\" content=\"[vc_section full_width=&#8221;stretch_row&#8221; content_placement=&#8221;bottom&#8221; css=&#8221;.vc_custom_1601911652841{padding-top: 100px !important;padding-bottom: 100px !important;background-image: url(https:\/\/sunshinesl.com\/wp-content\/uploads\/2020\/10\/beach-4848412_1920.jpg?id=2423) !important;background-position: center !important;background-repeat: no-repeat !important;background-size: cover !important;}&#8221; el_class=&#8221;inner_banner&#8221;][vc_row][vc_column][\/vc_column][\/vc_row][\/vc_section][vc_row css=&#8221;.vc_custom_1601884251664{margin-top: 50px !important;margin-bottom: 30px !important;padding-right: 30px !important;padding-left: 30px !important;background-color: #ffffff !important;}&#8221; el_id=&#8221;about_content&#8221;][vc_column width=&#8221;1\/2&#8243;][vc_single_image image=&#8221;2391&#8243; img_size=&#8221;full&#8221;][\/vc_column][vc_column width=&#8221;1\/2&#8243;][vc_column_text]L&#8217;agence de location de vacances Sunshine SL est pr\u00e9sente sur la Costa Blanca depuis plus de 44 ans. Sous direction allemande, il est [&hellip;]\" \/>\n<meta property=\"og:url\" content=\"https:\/\/sunshinesl.com\/quienes-somos\/\" \/>\n<meta property=\"og:site_name\" content=\"Sunshine\" \/>\n<meta property=\"article:modified_time\" content=\"2021-02-11T10:49:05+00:00\" \/>\n<meta property=\"og:image\" content=\"https:\/\/sunshinesl.com\/wp-content\/uploads\/2021\/03\/w.png\" \/>\n\t<meta property=\"og:image:width\" content=\"224\" \/>\n\t<meta property=\"og:image:height\" content=\"91\" \/>\n\t<meta property=\"og:image:type\" content=\"image\/png\" \/>\n<meta name=\"twitter:card\" content=\"summary_large_image\" \/>\n<meta name=\"twitter:label1\" content=\"Dur\u00e9e de lecture estim\u00e9e\" \/>\n\t<meta name=\"twitter:data1\" content=\"2 minutes\" \/>\n<script type=\"application\/ld+json\" class=\"yoast-schema-graph\">{\"@context\":\"https:\\\/\\\/schema.org\",\"@graph\":[{\"@type\":\"WebPage\",\"@id\":\"https:\\\/\\\/sunshinesl.com\\\/quienes-somos\\\/\",\"url\":\"https:\\\/\\\/sunshinesl.com\\\/quienes-somos\\\/\",\"name\":\"Quienes somos - Sunshine\",\"isPartOf\":{\"@id\":\"https:\\\/\\\/sunshinesl.com\\\/#website\"},\"datePublished\":\"2018-10-25T13:26:09+00:00\",\"dateModified\":\"2021-02-11T10:49:05+00:00\",\"breadcrumb\":{\"@id\":\"https:\\\/\\\/sunshinesl.com\\\/quienes-somos\\\/#breadcrumb\"},\"inLanguage\":\"fr-FR\",\"potentialAction\":[{\"@type\":\"ReadAction\",\"target\":[\"https:\\\/\\\/sunshinesl.com\\\/quienes-somos\\\/\"]}]},{\"@type\":\"BreadcrumbList\",\"@id\":\"https:\\\/\\\/sunshinesl.com\\\/quienes-somos\\\/#breadcrumb\",\"itemListElement\":[{\"@type\":\"ListItem\",\"position\":1,\"name\":\"Portada\",\"item\":\"https:\\\/\\\/sunshinesl.com\\\/fr\\\/\"},{\"@type\":\"ListItem\",\"position\":2,\"name\":\"Quienes somos\"}]},{\"@type\":\"WebSite\",\"@id\":\"https:\\\/\\\/sunshinesl.com\\\/#website\",\"url\":\"https:\\\/\\\/sunshinesl.com\\\/\",\"name\":\"Sunshine\",\"description\":\"Alquiler de viviendas vacacionales\",\"publisher\":{\"@id\":\"https:\\\/\\\/sunshinesl.com\\\/#organization\"},\"potentialAction\":[{\"@type\":\"SearchAction\",\"target\":{\"@type\":\"EntryPoint\",\"urlTemplate\":\"https:\\\/\\\/sunshinesl.com\\\/?s={search_term_string}\"},\"query-input\":{\"@type\":\"PropertyValueSpecification\",\"valueRequired\":true,\"valueName\":\"search_term_string\"}}],\"inLanguage\":\"fr-FR\"},{\"@type\":\"Organization\",\"@id\":\"https:\\\/\\\/sunshinesl.com\\\/#organization\",\"name\":\"SunshineSL\",\"url\":\"https:\\\/\\\/sunshinesl.com\\\/\",\"logo\":{\"@type\":\"ImageObject\",\"inLanguage\":\"fr-FR\",\"@id\":\"https:\\\/\\\/sunshinesl.com\\\/#\\\/schema\\\/logo\\\/image\\\/\",\"url\":\"https:\\\/\\\/sunshinesl.com\\\/wp-content\\\/uploads\\\/2021\\\/03\\\/w.png\",\"contentUrl\":\"https:\\\/\\\/sunshinesl.com\\\/wp-content\\\/uploads\\\/2021\\\/03\\\/w.png\",\"width\":224,\"height\":91,\"caption\":\"SunshineSL\"},\"image\":{\"@id\":\"https:\\\/\\\/sunshinesl.com\\\/#\\\/schema\\\/logo\\\/image\\\/\"}}]}<\/script>\n<!-- \/ Yoast SEO plugin. -->","yoast_head_json":{"title":"Quienes somos - Sunshine","robots":{"index":"index","follow":"follow","max-snippet":"max-snippet:-1","max-image-preview":"max-image-preview:large","max-video-preview":"max-video-preview:-1"},"canonical":"https:\/\/sunshinesl.com\/quienes-somos\/","og_locale":"fr_FR","og_type":"article","og_title":"Quienes somos - Sunshine","og_description":"[vc_section full_width=&#8221;stretch_row&#8221; content_placement=&#8221;bottom&#8221; css=&#8221;.vc_custom_1601911652841{padding-top: 100px !important;padding-bottom: 100px !important;background-image: url(https:\/\/sunshinesl.com\/wp-content\/uploads\/2020\/10\/beach-4848412_1920.jpg?id=2423) !important;background-position: center !important;background-repeat: no-repeat !important;background-size: cover !important;}&#8221; el_class=&#8221;inner_banner&#8221;][vc_row][vc_column][\/vc_column][\/vc_row][\/vc_section][vc_row css=&#8221;.vc_custom_1601884251664{margin-top: 50px !important;margin-bottom: 30px !important;padding-right: 30px !important;padding-left: 30px !important;background-color: #ffffff !important;}&#8221; el_id=&#8221;about_content&#8221;][vc_column width=&#8221;1\/2&#8243;][vc_single_image image=&#8221;2391&#8243; img_size=&#8221;full&#8221;][\/vc_column][vc_column width=&#8221;1\/2&#8243;][vc_column_text]L&#8217;agence de location de vacances Sunshine SL est pr\u00e9sente sur la Costa Blanca depuis plus de 44 ans. Sous direction allemande, il est [&hellip;]","og_url":"https:\/\/sunshinesl.com\/quienes-somos\/","og_site_name":"Sunshine","article_modified_time":"2021-02-11T10:49:05+00:00","og_image":[{"width":224,"height":91,"url":"https:\/\/sunshinesl.com\/wp-content\/uploads\/2021\/03\/w.png","type":"image\/png"}],"twitter_card":"summary_large_image","twitter_misc":{"Dur\u00e9e de lecture estim\u00e9e":"2 minutes"},"schema":{"@context":"https:\/\/schema.org","@graph":[{"@type":"WebPage","@id":"https:\/\/sunshinesl.com\/quienes-somos\/","url":"https:\/\/sunshinesl.com\/quienes-somos\/","name":"Quienes somos - Sunshine","isPartOf":{"@id":"https:\/\/sunshinesl.com\/#website"},"datePublished":"2018-10-25T13:26:09+00:00","dateModified":"2021-02-11T10:49:05+00:00","breadcrumb":{"@id":"https:\/\/sunshinesl.com\/quienes-somos\/#breadcrumb"},"inLanguage":"fr-FR","potentialAction":[{"@type":"ReadAction","target":["https:\/\/sunshinesl.com\/quienes-somos\/"]}]},{"@type":"BreadcrumbList","@id":"https:\/\/sunshinesl.com\/quienes-somos\/#breadcrumb","itemListElement":[{"@type":"ListItem","position":1,"name":"Portada","item":"https:\/\/sunshinesl.com\/fr\/"},{"@type":"ListItem","position":2,"name":"Quienes somos"}]},{"@type":"WebSite","@id":"https:\/\/sunshinesl.com\/#website","url":"https:\/\/sunshinesl.com\/","name":"Sunshine","description":"Alquiler de viviendas vacacionales","publisher":{"@id":"https:\/\/sunshinesl.com\/#organization"},"potentialAction":[{"@type":"SearchAction","target":{"@type":"EntryPoint","urlTemplate":"https:\/\/sunshinesl.com\/?s={search_term_string}"},"query-input":{"@type":"PropertyValueSpecification","valueRequired":true,"valueName":"search_term_string"}}],"inLanguage":"fr-FR"},{"@type":"Organization","@id":"https:\/\/sunshinesl.com\/#organization","name":"SunshineSL","url":"https:\/\/sunshinesl.com\/","logo":{"@type":"ImageObject","inLanguage":"fr-FR","@id":"https:\/\/sunshinesl.com\/#\/schema\/logo\/image\/","url":"https:\/\/sunshinesl.com\/wp-content\/uploads\/2021\/03\/w.png","contentUrl":"https:\/\/sunshinesl.com\/wp-content\/uploads\/2021\/03\/w.png","width":224,"height":91,"caption":"SunshineSL"},"image":{"@id":"https:\/\/sunshinesl.com\/#\/schema\/logo\/image\/"}}]}},"_links":{"self":[{"href":"https:\/\/sunshinesl.com\/fr\/wp-json\/wp\/v2\/pages\/4337","targetHints":{"allow":["GET"]}}],"collection":[{"href":"https:\/\/sunshinesl.com\/fr\/wp-json\/wp\/v2\/pages"}],"about":[{"href":"https:\/\/sunshinesl.com\/fr\/wp-json\/wp\/v2\/types\/page"}],"author":[{"embeddable":true,"href":"https:\/\/sunshinesl.com\/fr\/wp-json\/wp\/v2\/users\/1"}],"replies":[{"embeddable":true,"href":"https:\/\/sunshinesl.com\/fr\/wp-json\/wp\/v2\/comments?post=4337"}],"version-history":[{"count":8,"href":"https:\/\/sunshinesl.com\/fr\/wp-json\/wp\/v2\/pages\/4337\/revisions"}],"predecessor-version":[{"id":6093,"href":"https:\/\/sunshinesl.com\/fr\/wp-json\/wp\/v2\/pages\/4337\/revisions\/6093"}],"wp:attachment":[{"href":"https:\/\/sunshinesl.com\/fr\/wp-json\/wp\/v2\/media?parent=4337"}],"curies":[{"name":"wp","href":"https:\/\/api.w.org\/{rel}","templated":true}]}}