{"id":4327,"date":"2018-10-25T17:34:23","date_gmt":"2018-10-25T15:34:23","guid":{"rendered":"https:\/\/sunshinesl.com\/contacta\/"},"modified":"2021-03-16T18:28:32","modified_gmt":"2021-03-16T17:28:32","slug":"contacta","status":"publish","type":"page","link":"https:\/\/sunshinesl.com\/fr\/contacta\/","title":{"rendered":"Contacta"},"content":{"rendered":"<p>[vc_row][vc_column]<div style=\"clear:both; width:100%; height:20px\"><\/div>[\/vc_column][\/vc_row][vc_row][vc_column width=&#8221;7\/12&#8243;]\t\t<div class=\"homey-module module-title section-title-module text-center \">\r\n\t\t\t<h2 >Contacta con nosotros<\/h2>\r\n\r\n\t\t\t<p  class=\"sub-heading\"><\/p>\r\n\t\t<\/div>\r\n\t\t[vc_column_text]<\/p>\n<p style=\"text-align: center;\">Vous pouvez nous contacter par les moyens suivants:<\/p>\n<p style=\"text-align: center;\">Nous appeler par t\u00e9l\u00e9phone \u00e0 Telf.: +34 <strong> 966 866 226 <\/strong><\/p>\n<p style=\"text-align: center;\">Envoyez-nous un e-mail \u00e0 <a title=\"Email us\" href=\"mailto:sunshine@sunshinesl.com\"> sunshine@sunshinesl.com <\/a> &lt;\/ p&gt;<\/p>\n<p style=\"text-align: center;\">Ou en remplissant le formulaire de contact suivant:<\/p>\n<p>[\/vc_column_text]\n<div class=\"wpcf7 no-js\" id=\"wpcf7-f1343-o1\" lang=\"en-US\" dir=\"ltr\">\n<div class=\"screen-reader-response\"><p role=\"status\" aria-live=\"polite\" aria-atomic=\"true\"><\/p> <ul><\/ul><\/div>\n<form action=\"\/fr\/wp-json\/wp\/v2\/pages\/4327#wpcf7-f1343-o1\" method=\"post\" class=\"wpcf7-form init\" aria-label=\"Contact form\" novalidate=\"novalidate\" data-status=\"init\">\n<div style=\"display: none;\">\n<input type=\"hidden\" name=\"_wpcf7\" value=\"1343\" \/>\n<input type=\"hidden\" name=\"_wpcf7_version\" value=\"5.9.8\" \/>\n<input type=\"hidden\" name=\"_wpcf7_locale\" value=\"en_US\" \/>\n<input type=\"hidden\" name=\"_wpcf7_unit_tag\" value=\"wpcf7-f1343-o1\" \/>\n<input type=\"hidden\" name=\"_wpcf7_container_post\" value=\"0\" \/>\n<input type=\"hidden\" name=\"_wpcf7_posted_data_hash\" value=\"\" \/>\n<\/div>\n<div class=\"form-group\">\n\t<p><label class=\"required\" for=\"yourName\">Nombre - Name*<\/label><br \/>\n<span class=\"wpcf7-form-control-wrap\" data-name=\"your-name\"><input size=\"40\" maxlength=\"400\" class=\"wpcf7-form-control wpcf7-text wpcf7-validates-as-required form-control\" aria-required=\"true\" aria-invalid=\"false\" value=\"\" type=\"text\" name=\"your-name\" \/><\/span>\n\t<\/p>\n<\/div>\n<div class=\"form-group\">\n\t<p><label class=\"required\" for=\"yourEmail\">Email* <\/label><br \/>\n<span class=\"wpcf7-form-control-wrap\" data-name=\"your-email\"><input size=\"40\" maxlength=\"400\" class=\"wpcf7-form-control wpcf7-email wpcf7-validates-as-required wpcf7-text wpcf7-validates-as-email form-control\" aria-required=\"true\" aria-invalid=\"false\" value=\"\" type=\"email\" name=\"your-email\" \/><\/span>\n\t<\/p>\n<\/div>\n<div class=\"form-group\">\n\t<p><label class=\"required\" for=\"yourSubject\">Asunto - Subject* <\/label><br \/>\n<span class=\"wpcf7-form-control-wrap\" data-name=\"your-subject\"><input size=\"40\" maxlength=\"400\" class=\"wpcf7-form-control wpcf7-text wpcf7-validates-as-required form-control\" aria-required=\"true\" aria-invalid=\"false\" value=\"\" type=\"text\" name=\"your-subject\" \/><\/span>\n\t<\/p>\n<\/div>\n<div class=\"form-group\">\n\t<p><label class=\"required\" for=\"yourMessage\">Mensaje - Message* <\/label><br \/>\n<span class=\"wpcf7-form-control-wrap\" data-name=\"your-message\"><textarea cols=\"40\" rows=\"10\" maxlength=\"2000\" class=\"wpcf7-form-control wpcf7-textarea wpcf7-validates-as-required form-control\" aria-required=\"true\" aria-invalid=\"false\" name=\"your-message\"><\/textarea><\/span>\n\t<\/p>\n<\/div>\n<div id=\"cf7sr-69df386a5e9e6\" class=\"cf7sr-g-recaptcha\" data-theme=\"light\" data-type=\"image\" data-size=\"normal\" data-sitekey=\"6LfJDNUZAAAAAPkC1YDM6LQVdeg1b4aqNSZmsJtu\"><\/div><span class=\"wpcf7-form-control-wrap cf7sr-recaptcha\" data-name=\"cf7sr-recaptcha\"><input type=\"hidden\" name=\"cf7sr-recaptcha\" value=\"\" class=\"wpcf7-form-control\"><\/span><br \/>\n<input class=\"wpcf7-form-control wpcf7-submit has-spinner btn btn-primary\" type=\"submit\" value=\"Send\" \/>\n<\/p><div class=\"wpcf7-response-output\" aria-hidden=\"true\"><\/div>\n<\/form>\n<\/div>\n[\/vc_column][vc_column width=&#8221;1\/12&#8243;][\/vc_column][vc_column width=&#8221;4\/12&#8243;][vc_gmaps link=&#8221;#E-8_JTNDaWZyYW1lJTIwc3JjJTNEJTIyaHR0cHMlM0ElMkYlMkZ3d3cuZ29vZ2xlLmNvbSUyRm1hcHMlMkZlbWJlZCUzRnBiJTNEJTIxMW0xOCUyMTFtMTIlMjExbTMlMjExZDI5NDQuMjMyOTkxMTI5MjU1JTIxMmQtMC4wODI2MzgwNzA2NzIwNjI1OCUyMTNkMzguNTcyODAwMTAzNTIxMjc0JTIxMm0zJTIxMWYwJTIxMmYwJTIxM2YwJTIxM20yJTIxMWkxMDI0JTIxMmk3NjglMjE0ZjEzLjElMjEzbTMlMjExbTIlMjExczB4MCUyNTNBMHgxNjg5ZjE0NTIzYmE0YTMyJTIxMnNTdW5zaGluZSUyMTVlMCUyMTNtMiUyMTFzZXMlMjEyc2VzJTIxNHYxNjAxMTE5NTY3ODUxJTIxNW0yJTIxMXNlcyUyMTJzZXMlMjIlMjB3aWR0aCUzRCUyMjYwMCUyMiUyMGhlaWdodCUzRCUyMjQ1MCUyMiUyMGZyYW1lYm9yZGVyJTNEJTIyMCUyMiUyMHN0eWxlJTNEJTIyYm9yZGVyJTNBMCUzQiUyMiUyMGFsbG93ZnVsbHNjcmVlbiUzRCUyMiUyMiUyMGFyaWEtaGlkZGVuJTNEJTIyZmFsc2UlMjIlMjB0YWJpbmRleCUzRCUyMjAlMjIlM0UlM0MlMkZpZnJhbWUlM0U=&#8221;][vc_column_text css=&#8221;.vc_custom_1615915702595{padding-top: 30px !important;padding-right: 30px !important;padding-bottom: 30px !important;padding-left: 30px !important;background-color: #ffffff !important;}&#8221;]<\/p>\n<h3>Contact<\/h3>\n<p><strong> Adresse <\/strong>: Avenida de Europa, 49 &#8211; 03581<br \/>\nAlfaz del Pi, Alicante &#8211; Espagne<br \/>\n<strong> T\u00e9l\u00e9phone <\/strong>: +34 966 866 226<br \/>\n<strong> E-mail <\/strong>: sunshine@sunshinesl.com[\/vc_column_text][\/vc_column][\/vc_row][vc_row][vc_column]<div style=\"clear:both; width:100%; height:50px\"><\/div>[\/vc_column][\/vc_row]<\/p>\n","protected":false},"excerpt":{"rendered":"<p>[vc_row][vc_column][\/vc_column][\/vc_row][vc_row][vc_column width=&#8221;7\/12&#8243;][vc_column_text] Vous pouvez nous contacter par les moyens suivants: Nous appeler par t\u00e9l\u00e9phone \u00e0 Telf.: +34 966 866 226 Envoyez-nous un e-mail \u00e0 sunshine@sunshinesl.com &lt;\/ p&gt; Ou en remplissant le formulaire de contact suivant: [\/vc_column_text][\/vc_column][vc_column width=&#8221;1\/12&#8243;][\/vc_column][vc_column width=&#8221;4\/12&#8243;][vc_gmaps link=&#8221;#E-8_JTNDaWZyYW1lJTIwc3JjJTNEJTIyaHR0cHMlM0ElMkYlMkZ3d3cuZ29vZ2xlLmNvbSUyRm1hcHMlMkZlbWJlZCUzRnBiJTNEJTIxMW0xOCUyMTFtMTIlMjExbTMlMjExZDI5NDQuMjMyOTkxMTI5MjU1JTIxMmQtMC4wODI2MzgwNzA2NzIwNjI1OCUyMTNkMzguNTcyODAwMTAzNTIxMjc0JTIxMm0zJTIxMWYwJTIxMmYwJTIxM2YwJTIxM20yJTIxMWkxMDI0JTIxMmk3NjglMjE0ZjEzLjElMjEzbTMlMjExbTIlMjExczB4MCUyNTNBMHgxNjg5ZjE0NTIzYmE0YTMyJTIxMnNTdW5zaGluZSUyMTVlMCUyMTNtMiUyMTFzZXMlMjEyc2VzJTIxNHYxNjAxMTE5NTY3ODUxJTIxNW0yJTIxMXNlcyUyMTJzZXMlMjIlMjB3aWR0aCUzRCUyMjYwMCUyMiUyMGhlaWdodCUzRCUyMjQ1MCUyMiUyMGZyYW1lYm9yZGVyJTNEJTIyMCUyMiUyMHN0eWxlJTNEJTIyYm9yZGVyJTNBMCUzQiUyMiUyMGFsbG93ZnVsbHNjcmVlbiUzRCUyMiUyMiUyMGFyaWEtaGlkZGVuJTNEJTIyZmFsc2UlMjIlMjB0YWJpbmRleCUzRCUyMjAlMjIlM0UlM0MlMkZpZnJhbWUlM0U=&#8221;][vc_column_text css=&#8221;.vc_custom_1615915702595{padding-top: 30px !important;padding-right: 30px !important;padding-bottom: 30px !important;padding-left: 30px !important;background-color: #ffffff !important;}&#8221;] Contact Adresse : Avenida de [&hellip;]<\/p>\n","protected":false},"author":1,"featured_media":0,"parent":0,"menu_order":0,"comment_status":"closed","ping_status":"closed","template":"template\/template-homepage.php","meta":{"footnotes":""},"class_list":["post-4327","page","type-page","status-publish","hentry"],"yoast_head":"<!-- This site is optimized with the Yoast SEO plugin v27.3 - https:\/\/yoast.com\/product\/yoast-seo-wordpress\/ -->\n<title>Contacta con nosotros - Sunshine SL<\/title>\n<meta name=\"description\" content=\"\u00a1No dudes en contactar con nosotros para resolver cualquier duda! Reserva tus vacaciones en la Costa Blanca.\" \/>\n<meta name=\"robots\" content=\"index, follow, max-snippet:-1, max-image-preview:large, max-video-preview:-1\" \/>\n<link rel=\"canonical\" href=\"https:\/\/sunshinesl.com\/fr\/contacta\/\" \/>\n<meta property=\"og:locale\" content=\"fr_FR\" \/>\n<meta property=\"og:type\" content=\"article\" \/>\n<meta property=\"og:title\" content=\"Contacta con nosotros - Sunshine SL\" \/>\n<meta property=\"og:description\" content=\"\u00a1No dudes en contactar con nosotros para resolver cualquier duda! Reserva tus vacaciones en la Costa Blanca.\" \/>\n<meta property=\"og:url\" content=\"https:\/\/sunshinesl.com\/fr\/contacta\/\" \/>\n<meta property=\"og:site_name\" content=\"Sunshine\" \/>\n<meta property=\"article:modified_time\" content=\"2021-03-16T17:28:32+00:00\" \/>\n<meta property=\"og:image\" content=\"https:\/\/sunshinesl.com\/wp-content\/uploads\/2021\/03\/w.png\" \/>\n\t<meta property=\"og:image:width\" content=\"224\" \/>\n\t<meta property=\"og:image:height\" content=\"91\" \/>\n\t<meta property=\"og:image:type\" content=\"image\/png\" \/>\n<meta name=\"twitter:card\" content=\"summary_large_image\" \/>\n<meta name=\"twitter:label1\" content=\"Dur\u00e9e de lecture estim\u00e9e\" \/>\n\t<meta name=\"twitter:data1\" content=\"1 minute\" \/>\n<script type=\"application\/ld+json\" class=\"yoast-schema-graph\">{\"@context\":\"https:\\\/\\\/schema.org\",\"@graph\":[{\"@type\":\"WebPage\",\"@id\":\"https:\\\/\\\/sunshinesl.com\\\/fr\\\/contacta\\\/\",\"url\":\"https:\\\/\\\/sunshinesl.com\\\/fr\\\/contacta\\\/\",\"name\":\"Contacta con nosotros - Sunshine SL\",\"isPartOf\":{\"@id\":\"https:\\\/\\\/sunshinesl.com\\\/#website\"},\"datePublished\":\"2018-10-25T15:34:23+00:00\",\"dateModified\":\"2021-03-16T17:28:32+00:00\",\"description\":\"\u00a1No dudes en contactar con nosotros para resolver cualquier duda! Reserva tus vacaciones en la Costa Blanca.\",\"breadcrumb\":{\"@id\":\"https:\\\/\\\/sunshinesl.com\\\/fr\\\/contacta\\\/#breadcrumb\"},\"inLanguage\":\"fr-FR\",\"potentialAction\":[{\"@type\":\"ReadAction\",\"target\":[\"https:\\\/\\\/sunshinesl.com\\\/fr\\\/contacta\\\/\"]}]},{\"@type\":\"BreadcrumbList\",\"@id\":\"https:\\\/\\\/sunshinesl.com\\\/fr\\\/contacta\\\/#breadcrumb\",\"itemListElement\":[{\"@type\":\"ListItem\",\"position\":1,\"name\":\"Portada\",\"item\":\"https:\\\/\\\/sunshinesl.com\\\/fr\\\/\"},{\"@type\":\"ListItem\",\"position\":2,\"name\":\"Contacta\"}]},{\"@type\":\"WebSite\",\"@id\":\"https:\\\/\\\/sunshinesl.com\\\/#website\",\"url\":\"https:\\\/\\\/sunshinesl.com\\\/\",\"name\":\"Sunshine\",\"description\":\"Alquiler de viviendas vacacionales\",\"publisher\":{\"@id\":\"https:\\\/\\\/sunshinesl.com\\\/#organization\"},\"potentialAction\":[{\"@type\":\"SearchAction\",\"target\":{\"@type\":\"EntryPoint\",\"urlTemplate\":\"https:\\\/\\\/sunshinesl.com\\\/?s={search_term_string}\"},\"query-input\":{\"@type\":\"PropertyValueSpecification\",\"valueRequired\":true,\"valueName\":\"search_term_string\"}}],\"inLanguage\":\"fr-FR\"},{\"@type\":\"Organization\",\"@id\":\"https:\\\/\\\/sunshinesl.com\\\/#organization\",\"name\":\"SunshineSL\",\"url\":\"https:\\\/\\\/sunshinesl.com\\\/\",\"logo\":{\"@type\":\"ImageObject\",\"inLanguage\":\"fr-FR\",\"@id\":\"https:\\\/\\\/sunshinesl.com\\\/#\\\/schema\\\/logo\\\/image\\\/\",\"url\":\"https:\\\/\\\/sunshinesl.com\\\/wp-content\\\/uploads\\\/2021\\\/03\\\/w.png\",\"contentUrl\":\"https:\\\/\\\/sunshinesl.com\\\/wp-content\\\/uploads\\\/2021\\\/03\\\/w.png\",\"width\":224,\"height\":91,\"caption\":\"SunshineSL\"},\"image\":{\"@id\":\"https:\\\/\\\/sunshinesl.com\\\/#\\\/schema\\\/logo\\\/image\\\/\"}}]}<\/script>\n<!-- \/ Yoast SEO plugin. -->","yoast_head_json":{"title":"Contacta con nosotros - Sunshine SL","description":"\u00a1No dudes en contactar con nosotros para resolver cualquier duda! Reserva tus vacaciones en la Costa Blanca.","robots":{"index":"index","follow":"follow","max-snippet":"max-snippet:-1","max-image-preview":"max-image-preview:large","max-video-preview":"max-video-preview:-1"},"canonical":"https:\/\/sunshinesl.com\/fr\/contacta\/","og_locale":"fr_FR","og_type":"article","og_title":"Contacta con nosotros - Sunshine SL","og_description":"\u00a1No dudes en contactar con nosotros para resolver cualquier duda! Reserva tus vacaciones en la Costa Blanca.","og_url":"https:\/\/sunshinesl.com\/fr\/contacta\/","og_site_name":"Sunshine","article_modified_time":"2021-03-16T17:28:32+00:00","og_image":[{"width":224,"height":91,"url":"https:\/\/sunshinesl.com\/wp-content\/uploads\/2021\/03\/w.png","type":"image\/png"}],"twitter_card":"summary_large_image","twitter_misc":{"Dur\u00e9e de lecture estim\u00e9e":"1 minute"},"schema":{"@context":"https:\/\/schema.org","@graph":[{"@type":"WebPage","@id":"https:\/\/sunshinesl.com\/fr\/contacta\/","url":"https:\/\/sunshinesl.com\/fr\/contacta\/","name":"Contacta con nosotros - Sunshine SL","isPartOf":{"@id":"https:\/\/sunshinesl.com\/#website"},"datePublished":"2018-10-25T15:34:23+00:00","dateModified":"2021-03-16T17:28:32+00:00","description":"\u00a1No dudes en contactar con nosotros para resolver cualquier duda! Reserva tus vacaciones en la Costa Blanca.","breadcrumb":{"@id":"https:\/\/sunshinesl.com\/fr\/contacta\/#breadcrumb"},"inLanguage":"fr-FR","potentialAction":[{"@type":"ReadAction","target":["https:\/\/sunshinesl.com\/fr\/contacta\/"]}]},{"@type":"BreadcrumbList","@id":"https:\/\/sunshinesl.com\/fr\/contacta\/#breadcrumb","itemListElement":[{"@type":"ListItem","position":1,"name":"Portada","item":"https:\/\/sunshinesl.com\/fr\/"},{"@type":"ListItem","position":2,"name":"Contacta"}]},{"@type":"WebSite","@id":"https:\/\/sunshinesl.com\/#website","url":"https:\/\/sunshinesl.com\/","name":"Sunshine","description":"Alquiler de viviendas vacacionales","publisher":{"@id":"https:\/\/sunshinesl.com\/#organization"},"potentialAction":[{"@type":"SearchAction","target":{"@type":"EntryPoint","urlTemplate":"https:\/\/sunshinesl.com\/?s={search_term_string}"},"query-input":{"@type":"PropertyValueSpecification","valueRequired":true,"valueName":"search_term_string"}}],"inLanguage":"fr-FR"},{"@type":"Organization","@id":"https:\/\/sunshinesl.com\/#organization","name":"SunshineSL","url":"https:\/\/sunshinesl.com\/","logo":{"@type":"ImageObject","inLanguage":"fr-FR","@id":"https:\/\/sunshinesl.com\/#\/schema\/logo\/image\/","url":"https:\/\/sunshinesl.com\/wp-content\/uploads\/2021\/03\/w.png","contentUrl":"https:\/\/sunshinesl.com\/wp-content\/uploads\/2021\/03\/w.png","width":224,"height":91,"caption":"SunshineSL"},"image":{"@id":"https:\/\/sunshinesl.com\/#\/schema\/logo\/image\/"}}]}},"_links":{"self":[{"href":"https:\/\/sunshinesl.com\/fr\/wp-json\/wp\/v2\/pages\/4327","targetHints":{"allow":["GET"]}}],"collection":[{"href":"https:\/\/sunshinesl.com\/fr\/wp-json\/wp\/v2\/pages"}],"about":[{"href":"https:\/\/sunshinesl.com\/fr\/wp-json\/wp\/v2\/types\/page"}],"author":[{"embeddable":true,"href":"https:\/\/sunshinesl.com\/fr\/wp-json\/wp\/v2\/users\/1"}],"replies":[{"embeddable":true,"href":"https:\/\/sunshinesl.com\/fr\/wp-json\/wp\/v2\/comments?post=4327"}],"version-history":[{"count":7,"href":"https:\/\/sunshinesl.com\/fr\/wp-json\/wp\/v2\/pages\/4327\/revisions"}],"predecessor-version":[{"id":7352,"href":"https:\/\/sunshinesl.com\/fr\/wp-json\/wp\/v2\/pages\/4327\/revisions\/7352"}],"wp:attachment":[{"href":"https:\/\/sunshinesl.com\/fr\/wp-json\/wp\/v2\/media?parent=4327"}],"curies":[{"name":"wp","href":"https:\/\/api.w.org\/{rel}","templated":true}]}}