{"id":4338,"date":"2018-10-25T15:26:09","date_gmt":"2018-10-25T13:26:09","guid":{"rendered":"https:\/\/sunshinesl.com\/quienes-somos\/"},"modified":"2021-03-16T18:18:39","modified_gmt":"2021-03-16T17:18:39","slug":"quienes-somos","status":"publish","type":"page","link":"https:\/\/sunshinesl.com\/de\/quienes-somos\/","title":{"rendered":"Quienes somos"},"content":{"rendered":"<p>[vc_section full_width=&#8221;stretch_row&#8221; content_placement=&#8221;bottom&#8221; css=&#8221;.vc_custom_1601911652841{padding-top: 100px !important;padding-bottom: 100px !important;background-image: url(https:\/\/sunshinesl.com\/wp-content\/uploads\/2020\/10\/beach-4848412_1920.jpg?id=2423) !important;background-position: center !important;background-repeat: no-repeat !important;background-size: cover !important;}&#8221; el_class=&#8221;inner_banner&#8221;][vc_row][vc_column]\t\t<div class=\"homey-module module-title section-title-module text-center \">\r\n\t\t\t<h2 >Quienes somos<\/h2>\r\n\r\n\t\t\t<p  class=\"sub-heading\"><\/p>\r\n\t\t<\/div>\r\n\t\t[\/vc_column][\/vc_row][\/vc_section][vc_row css=&#8221;.vc_custom_1601884251664{margin-top: 50px !important;margin-bottom: 30px !important;padding-right: 30px !important;padding-left: 30px !important;background-color: #ffffff !important;}&#8221; el_id=&#8221;about_content&#8221;][vc_column width=&#8221;1\/2&#8243;][vc_single_image image=&#8221;2391&#8243; img_size=&#8221;full&#8221;][\/vc_column][vc_column width=&#8221;1\/2&#8243;]\t\t<div class=\"homey-module module-title section-title-module text-left \">\r\n\t\t\t<h2 >Sobre Nosotros<\/h2>\r\n\r\n\t\t\t<p  class=\"sub-heading\"><\/p>\r\n\t\t<\/div>\r\n\t\t[vc_column_text]<span style=\"font-weight: 400;\"> Die Vermietungsagentur\u00a0 <b>Sunshine SL\u00a0 <span style=\"font-weight: 400;\">hat mehr als 44 Jahre Erfahrung in der\u00a0 <b>Costa Blanca\u00a0 <span style=\"schriftgr\u00f6\u00dfe: 400;\">. Unter deutscher Leitung ist das Unternehmen seit mehreren Jahrzehnten in der Welt der Verwaltung von Chalets und Ferienwohnungen t\u00e4tig.\u00a0<\/span><\/b><\/span><\/b><\/span><\/p>\n<p><span style=\"font-weight: 400;\"> Das Unternehmen\u00a0 <b>Sunshine\u00a0 <span style=\"font-weight: 400;\">besteht aus einem hochqualifizierten, mehrsprachigen Team .\u00a0 <b>Unsere Mitarbeiter werden alle Anforderungen erf\u00fcllen, wenn Sie die Ferienresidenz verwalten\u00a0 <span style=\"font-weight: 400;\">und Ihren Urlaub zu einem unschlagbaren Erlebnis machen.\u00a0 <span style=\"font-weight: 400;\">Ob Sie die Ferienresidenz an der K\u00fcste mieten oder einen sch\u00f6nen Urlaub genie\u00dfen m\u00f6chten\u00a0 <b>Sonnenschein ist f\u00fcr Sie!\u00a0<\/b><\/span><\/span><\/b><\/span><\/b><\/span><\/p>\n<p><span style=\"font-weight: 400;\"> Alle von uns angebotenen Chalets haben ihre <strong> St\u00fctze\u00a0 <b>ua einen privaten Pool\u00a0 <span style=\"font-weight: 400;\">und der Charme des mediterranen Designs. Unsere H\u00e4user befinden sich in den Gemeinden\u00a0 <b>Altea\u00a0 <span style=\"font-weight: 400;\">,\u00a0 <b>Calpe ,<span style=\"schriftgr\u00f6\u00dfe: 400;\">\u00a0<b>Alfaz del Pi\u00a0 <span style=\"schriftgr\u00f6\u00dfe: 400;\">,\u00a0 <b>Albir ,<span style=\"font-weight: 400;\">\u00a0<b>La Nucia\u00a0 <span style=\"font-weight: 400;\">y\u00a0 <b>Villajoyosa\u00a0 <span style=\"font-weight: 400;\">. Wir versuchen, unsere Chalets und Apartments in Strandn\u00e4he zu halten.\u00a0<\/span><\/b><\/span><\/b><\/span><\/b><\/span><\/b><\/span><\/b><\/span><\/b><\/span><\/b><\/strong><\/span><\/p>\n<p><span style=\"font-weight: 400;\"> Wir m\u00f6chten, dass sowohl unsere Kunden als auch ihre Haustiere Spa\u00df haben. Deshalb sind sie in allen unseren Ferienh\u00e4usern erlaubt. Wenn Sie Fragen oder Anregungen haben, z\u00f6gern Sie nicht, <b>\u00a0<span style=\"font-weight: 400;\">mit uns Kontakt aufzunehmen. Wir helfen Ihnen gerne weiter!\u00a0<\/span><\/b><\/span>[\/vc_column_text][\/vc_column][\/vc_row]<\/p>\n","protected":false},"excerpt":{"rendered":"<p>[vc_section full_width=&#8221;stretch_row&#8221; content_placement=&#8221;bottom&#8221; css=&#8221;.vc_custom_1601911652841{padding-top: 100px !important;padding-bottom: 100px !important;background-image: url(https:\/\/sunshinesl.com\/wp-content\/uploads\/2020\/10\/beach-4848412_1920.jpg?id=2423) !important;background-position: center !important;background-repeat: no-repeat !important;background-size: cover !important;}&#8221; el_class=&#8221;inner_banner&#8221;][vc_row][vc_column][\/vc_column][\/vc_row][\/vc_section][vc_row css=&#8221;.vc_custom_1601884251664{margin-top: 50px !important;margin-bottom: 30px !important;padding-right: 30px !important;padding-left: 30px !important;background-color: #ffffff !important;}&#8221; el_id=&#8221;about_content&#8221;][vc_column width=&#8221;1\/2&#8243;][vc_single_image image=&#8221;2391&#8243; img_size=&#8221;full&#8221;][\/vc_column][vc_column width=&#8221;1\/2&#8243;][vc_column_text] Die Vermietungsagentur\u00a0 Sunshine SL\u00a0 hat mehr als 44 Jahre Erfahrung in der\u00a0 Costa Blanca\u00a0 . Unter deutscher Leitung ist das Unternehmen seit [&hellip;]<\/p>\n","protected":false},"author":1,"featured_media":0,"parent":0,"menu_order":0,"comment_status":"closed","ping_status":"closed","template":"template\/template-homepage.php","meta":{"footnotes":""},"class_list":["post-4338","page","type-page","status-publish","hentry"],"yoast_head":"<!-- This site is optimized with the Yoast SEO plugin v27.3 - https:\/\/yoast.com\/product\/yoast-seo-wordpress\/ -->\n<title>Quienes somos - Sunshine<\/title>\n<meta name=\"robots\" content=\"index, follow, max-snippet:-1, max-image-preview:large, max-video-preview:-1\" \/>\n<link rel=\"canonical\" href=\"https:\/\/sunshinesl.com\/quienes-somos\/\" \/>\n<meta property=\"og:locale\" content=\"de_DE\" \/>\n<meta property=\"og:type\" content=\"article\" \/>\n<meta property=\"og:title\" content=\"Quienes somos - Sunshine\" \/>\n<meta property=\"og:description\" content=\"[vc_section full_width=&#8221;stretch_row&#8221; content_placement=&#8221;bottom&#8221; css=&#8221;.vc_custom_1601911652841{padding-top: 100px !important;padding-bottom: 100px !important;background-image: url(https:\/\/sunshinesl.com\/wp-content\/uploads\/2020\/10\/beach-4848412_1920.jpg?id=2423) !important;background-position: center !important;background-repeat: no-repeat !important;background-size: cover !important;}&#8221; el_class=&#8221;inner_banner&#8221;][vc_row][vc_column][\/vc_column][\/vc_row][\/vc_section][vc_row css=&#8221;.vc_custom_1601884251664{margin-top: 50px !important;margin-bottom: 30px !important;padding-right: 30px !important;padding-left: 30px !important;background-color: #ffffff !important;}&#8221; el_id=&#8221;about_content&#8221;][vc_column width=&#8221;1\/2&#8243;][vc_single_image image=&#8221;2391&#8243; img_size=&#8221;full&#8221;][\/vc_column][vc_column width=&#8221;1\/2&#8243;][vc_column_text] Die Vermietungsagentur\u00a0 Sunshine SL\u00a0 hat mehr als 44 Jahre Erfahrung in der\u00a0 Costa Blanca\u00a0 . Unter deutscher Leitung ist das Unternehmen seit [&hellip;]\" \/>\n<meta property=\"og:url\" content=\"https:\/\/sunshinesl.com\/quienes-somos\/\" \/>\n<meta property=\"og:site_name\" content=\"Sunshine\" \/>\n<meta property=\"article:modified_time\" content=\"2021-03-16T17:18:39+00:00\" \/>\n<meta property=\"og:image\" content=\"https:\/\/sunshinesl.com\/wp-content\/uploads\/2021\/03\/w.png\" \/>\n\t<meta property=\"og:image:width\" content=\"224\" \/>\n\t<meta property=\"og:image:height\" content=\"91\" \/>\n\t<meta property=\"og:image:type\" content=\"image\/png\" \/>\n<meta name=\"twitter:card\" content=\"summary_large_image\" \/>\n<meta name=\"twitter:label1\" content=\"Gesch\u00e4tzte Lesezeit\" \/>\n\t<meta name=\"twitter:data1\" content=\"1\u00a0Minute\" \/>\n<script type=\"application\/ld+json\" class=\"yoast-schema-graph\">{\"@context\":\"https:\\\/\\\/schema.org\",\"@graph\":[{\"@type\":\"WebPage\",\"@id\":\"https:\\\/\\\/sunshinesl.com\\\/quienes-somos\\\/\",\"url\":\"https:\\\/\\\/sunshinesl.com\\\/quienes-somos\\\/\",\"name\":\"Quienes somos - Sunshine\",\"isPartOf\":{\"@id\":\"https:\\\/\\\/sunshinesl.com\\\/#website\"},\"datePublished\":\"2018-10-25T13:26:09+00:00\",\"dateModified\":\"2021-03-16T17:18:39+00:00\",\"breadcrumb\":{\"@id\":\"https:\\\/\\\/sunshinesl.com\\\/quienes-somos\\\/#breadcrumb\"},\"inLanguage\":\"de\",\"potentialAction\":[{\"@type\":\"ReadAction\",\"target\":[\"https:\\\/\\\/sunshinesl.com\\\/quienes-somos\\\/\"]}]},{\"@type\":\"BreadcrumbList\",\"@id\":\"https:\\\/\\\/sunshinesl.com\\\/quienes-somos\\\/#breadcrumb\",\"itemListElement\":[{\"@type\":\"ListItem\",\"position\":1,\"name\":\"Portada\",\"item\":\"https:\\\/\\\/sunshinesl.com\\\/de\\\/\"},{\"@type\":\"ListItem\",\"position\":2,\"name\":\"Quienes somos\"}]},{\"@type\":\"WebSite\",\"@id\":\"https:\\\/\\\/sunshinesl.com\\\/#website\",\"url\":\"https:\\\/\\\/sunshinesl.com\\\/\",\"name\":\"Sunshine\",\"description\":\"Alquiler de viviendas vacacionales\",\"publisher\":{\"@id\":\"https:\\\/\\\/sunshinesl.com\\\/#organization\"},\"potentialAction\":[{\"@type\":\"SearchAction\",\"target\":{\"@type\":\"EntryPoint\",\"urlTemplate\":\"https:\\\/\\\/sunshinesl.com\\\/?s={search_term_string}\"},\"query-input\":{\"@type\":\"PropertyValueSpecification\",\"valueRequired\":true,\"valueName\":\"search_term_string\"}}],\"inLanguage\":\"de\"},{\"@type\":\"Organization\",\"@id\":\"https:\\\/\\\/sunshinesl.com\\\/#organization\",\"name\":\"SunshineSL\",\"url\":\"https:\\\/\\\/sunshinesl.com\\\/\",\"logo\":{\"@type\":\"ImageObject\",\"inLanguage\":\"de\",\"@id\":\"https:\\\/\\\/sunshinesl.com\\\/#\\\/schema\\\/logo\\\/image\\\/\",\"url\":\"https:\\\/\\\/sunshinesl.com\\\/wp-content\\\/uploads\\\/2021\\\/03\\\/w.png\",\"contentUrl\":\"https:\\\/\\\/sunshinesl.com\\\/wp-content\\\/uploads\\\/2021\\\/03\\\/w.png\",\"width\":224,\"height\":91,\"caption\":\"SunshineSL\"},\"image\":{\"@id\":\"https:\\\/\\\/sunshinesl.com\\\/#\\\/schema\\\/logo\\\/image\\\/\"}}]}<\/script>\n<!-- \/ Yoast SEO plugin. -->","yoast_head_json":{"title":"Quienes somos - Sunshine","robots":{"index":"index","follow":"follow","max-snippet":"max-snippet:-1","max-image-preview":"max-image-preview:large","max-video-preview":"max-video-preview:-1"},"canonical":"https:\/\/sunshinesl.com\/quienes-somos\/","og_locale":"de_DE","og_type":"article","og_title":"Quienes somos - Sunshine","og_description":"[vc_section full_width=&#8221;stretch_row&#8221; content_placement=&#8221;bottom&#8221; css=&#8221;.vc_custom_1601911652841{padding-top: 100px !important;padding-bottom: 100px !important;background-image: url(https:\/\/sunshinesl.com\/wp-content\/uploads\/2020\/10\/beach-4848412_1920.jpg?id=2423) !important;background-position: center !important;background-repeat: no-repeat !important;background-size: cover !important;}&#8221; el_class=&#8221;inner_banner&#8221;][vc_row][vc_column][\/vc_column][\/vc_row][\/vc_section][vc_row css=&#8221;.vc_custom_1601884251664{margin-top: 50px !important;margin-bottom: 30px !important;padding-right: 30px !important;padding-left: 30px !important;background-color: #ffffff !important;}&#8221; el_id=&#8221;about_content&#8221;][vc_column width=&#8221;1\/2&#8243;][vc_single_image image=&#8221;2391&#8243; img_size=&#8221;full&#8221;][\/vc_column][vc_column width=&#8221;1\/2&#8243;][vc_column_text] Die Vermietungsagentur\u00a0 Sunshine SL\u00a0 hat mehr als 44 Jahre Erfahrung in der\u00a0 Costa Blanca\u00a0 . Unter deutscher Leitung ist das Unternehmen seit [&hellip;]","og_url":"https:\/\/sunshinesl.com\/quienes-somos\/","og_site_name":"Sunshine","article_modified_time":"2021-03-16T17:18:39+00:00","og_image":[{"width":224,"height":91,"url":"https:\/\/sunshinesl.com\/wp-content\/uploads\/2021\/03\/w.png","type":"image\/png"}],"twitter_card":"summary_large_image","twitter_misc":{"Gesch\u00e4tzte Lesezeit":"1\u00a0Minute"},"schema":{"@context":"https:\/\/schema.org","@graph":[{"@type":"WebPage","@id":"https:\/\/sunshinesl.com\/quienes-somos\/","url":"https:\/\/sunshinesl.com\/quienes-somos\/","name":"Quienes somos - Sunshine","isPartOf":{"@id":"https:\/\/sunshinesl.com\/#website"},"datePublished":"2018-10-25T13:26:09+00:00","dateModified":"2021-03-16T17:18:39+00:00","breadcrumb":{"@id":"https:\/\/sunshinesl.com\/quienes-somos\/#breadcrumb"},"inLanguage":"de","potentialAction":[{"@type":"ReadAction","target":["https:\/\/sunshinesl.com\/quienes-somos\/"]}]},{"@type":"BreadcrumbList","@id":"https:\/\/sunshinesl.com\/quienes-somos\/#breadcrumb","itemListElement":[{"@type":"ListItem","position":1,"name":"Portada","item":"https:\/\/sunshinesl.com\/de\/"},{"@type":"ListItem","position":2,"name":"Quienes somos"}]},{"@type":"WebSite","@id":"https:\/\/sunshinesl.com\/#website","url":"https:\/\/sunshinesl.com\/","name":"Sunshine","description":"Alquiler de viviendas vacacionales","publisher":{"@id":"https:\/\/sunshinesl.com\/#organization"},"potentialAction":[{"@type":"SearchAction","target":{"@type":"EntryPoint","urlTemplate":"https:\/\/sunshinesl.com\/?s={search_term_string}"},"query-input":{"@type":"PropertyValueSpecification","valueRequired":true,"valueName":"search_term_string"}}],"inLanguage":"de"},{"@type":"Organization","@id":"https:\/\/sunshinesl.com\/#organization","name":"SunshineSL","url":"https:\/\/sunshinesl.com\/","logo":{"@type":"ImageObject","inLanguage":"de","@id":"https:\/\/sunshinesl.com\/#\/schema\/logo\/image\/","url":"https:\/\/sunshinesl.com\/wp-content\/uploads\/2021\/03\/w.png","contentUrl":"https:\/\/sunshinesl.com\/wp-content\/uploads\/2021\/03\/w.png","width":224,"height":91,"caption":"SunshineSL"},"image":{"@id":"https:\/\/sunshinesl.com\/#\/schema\/logo\/image\/"}}]}},"_links":{"self":[{"href":"https:\/\/sunshinesl.com\/de\/wp-json\/wp\/v2\/pages\/4338","targetHints":{"allow":["GET"]}}],"collection":[{"href":"https:\/\/sunshinesl.com\/de\/wp-json\/wp\/v2\/pages"}],"about":[{"href":"https:\/\/sunshinesl.com\/de\/wp-json\/wp\/v2\/types\/page"}],"author":[{"embeddable":true,"href":"https:\/\/sunshinesl.com\/de\/wp-json\/wp\/v2\/users\/1"}],"replies":[{"embeddable":true,"href":"https:\/\/sunshinesl.com\/de\/wp-json\/wp\/v2\/comments?post=4338"}],"version-history":[{"count":9,"href":"https:\/\/sunshinesl.com\/de\/wp-json\/wp\/v2\/pages\/4338\/revisions"}],"predecessor-version":[{"id":7351,"href":"https:\/\/sunshinesl.com\/de\/wp-json\/wp\/v2\/pages\/4338\/revisions\/7351"}],"wp:attachment":[{"href":"https:\/\/sunshinesl.com\/de\/wp-json\/wp\/v2\/media?parent=4338"}],"curies":[{"name":"wp","href":"https:\/\/api.w.org\/{rel}","templated":true}]}}